
{"id":1089,"date":"2019-03-04T20:24:11","date_gmt":"2019-03-04T19:24:11","guid":{"rendered":"https:\/\/www.zd-po.si\/ckz\/?page_id=1089"},"modified":"2024-09-02T11:42:33","modified_gmt":"2024-09-02T10:42:33","slug":"sindi-lisjak","status":"publish","type":"page","link":"https:\/\/www.zd-po.si\/ckz\/sindi-lisjak\/","title":{"rendered":"Sindi Lisjak"},"content":{"rendered":"<!--themify_builder_content-->\n<div id=\"themify_builder_content-1089\" data-postid=\"1089\" class=\"themify_builder_content themify_builder_content-1089 themify_builder tf_clear\">\n                    <div  data-anchor=\"welcome\" data-css_id=\"9a2343b\" data-lazy=\"1\" class=\"module_row themify_builder_row fullwidth tb_has_section tb_section-welcome tb_9a2343b tb_first tf_w\">\n            <span  class=\"builder_row_cover tf_abs\" data-lazy=\"1\"><\/span><span class=\"tb_row_frame_wrap tf_overflow tf_abs\" data-lazy=\"1\"><span class=\"tb_row_frame tb_row_frame_top  tf_abs tf_hide tf_overflow tf_w\"><\/span><\/span>            <div class=\"row_inner col_align_top tb_col_count_1 tf_box tf_rel\">\n                        <div  data-lazy=\"1\" class=\"module_column tb-column col-full tb_6f092a5 first\">\n                    <!-- module image -->\n<div  class=\"module module-image tb_26bc9df image-center drop-shadow bordered circle  tf_mw wow\" data-tf-animation=\"bounceIn\" data-lazy=\"1\">\n        <div class=\"image-wrap tf_rel tf_mw\">\n            <img loading=\"lazy\" decoding=\"async\" src=\"https:\/\/www.zd-po.si\/ckz\/wp-content\/uploads\/2024\/09\/Sindi_profilna-768x1024-300x400.jpg\" width=\"300\" height=\"400\" class=\"wp-post-image wp-image-3251\" title=\"Sindi_profilna\" alt=\"Sindi_profilna\" srcset=\"https:\/\/www.zd-po.si\/ckz\/wp-content\/uploads\/2024\/09\/Sindi_profilna-768x1024-300x400.jpg 300w, https:\/\/www.zd-po.si\/ckz\/wp-content\/uploads\/2024\/09\/Sindi_profilna-225x300.jpg 225w, https:\/\/www.zd-po.si\/ckz\/wp-content\/uploads\/2024\/09\/Sindi_profilna-768x1024.jpg 768w, https:\/\/www.zd-po.si\/ckz\/wp-content\/uploads\/2024\/09\/Sindi_profilna-1152x1536.jpg 1152w, https:\/\/www.zd-po.si\/ckz\/wp-content\/uploads\/2024\/09\/Sindi_profilna-1536x2048.jpg 1536w, https:\/\/www.zd-po.si\/ckz\/wp-content\/uploads\/2024\/09\/Sindi_profilna-scaled.jpg 1920w\" sizes=\"auto, (max-width: 300px) 100vw, 300px\" \/>    \n        <\/div>\n    <!-- \/image-wrap -->\n    \n        <\/div>\n<!-- \/module image --><!-- module text -->\n<div  class=\"module module-text tb_0d9f55b    wow\" data-tf-animation=\"bounceInDown\" data-lazy=\"1\">\n        <div  class=\"tb_text_wrap\">\n        <h2>Sindi Lisjak, dipl.m.s.<\/h2>    <\/div>\n<\/div>\n<!-- \/module text -->        <\/div>\n                        <\/div>\n        <\/div>\n                        <div  data-css_id=\"ed681d7\" data-lazy=\"1\" class=\"module_row themify_builder_row fullheight fullwidth tb_ed681d7 tf_w\">\n                        <div class=\"row_inner col_align_middle gutter-none tb_col_count_2 tf_box tf_rel\">\n                        <div  data-lazy=\"1\" class=\"module_column tb-column col4-2 tb_85f3081 first\">\n        <span  class=\"builder_row_cover tf_abs\" data-lazy=\"1\"><\/span>            <!-- module text -->\n<div  class=\"module module-text tb_af8e9ed   \" data-lazy=\"1\">\n        <div  class=\"tb_text_wrap\">\n        <h2>Podro\u010dje dela:<\/h2><p>V Centru za krepitev zdravja ZD Postojna je zaposlena diplomirana medicinska sestra SINDI LISJAK, ki izvaja zdravstveno vzgojne delavnice v okviru vzgoje za zdravje otrok in mladostnikov.<\/p><p>Izvajalka vzgoje za zdravje se z vzgojno-izobra\u017eevalnimi delavnicami vklju\u010duje in zajema:<\/p>    <\/div>\n<\/div>\n<!-- \/module text --><!-- module text -->\n<div  class=\"module module-text tb_fecd570   \" data-lazy=\"1\">\n        <div  class=\"tb_text_wrap\">\n        <ul><li>pred\u0161olske otroke<\/li><li>otroke osnovnih \u0161ol<\/li><li>dijake srednjih \u0161ol<\/li><li>v okviru osnovnega sodelovanja z vrtci in \u0161olami izvajalka izvaja tudi predavanja za star\u0161e pred\u0161olskih in \u0161olskih otrok<\/li><li>ter predavanja za vzgojitelje pred\u0161olskih otrok in pedago\u0161ke delavce osnovnih in srednjih \u0161ol<\/li><\/ul>    <\/div>\n<\/div>\n<!-- \/module text -->        <\/div>\n                    <div  data-lazy=\"1\" class=\"module_column tb-column col4-2 tb_c3bc421 last\">\n        <span  class=\"builder_row_cover tf_abs\" data-lazy=\"1\"><\/span>            <!-- module text -->\n<div  class=\"module module-text tb_e5d8dd5   \" data-lazy=\"1\">\n        <div  class=\"tb_text_wrap\">\n        <h2>Po\u0161ljite sporo\u010dilo<\/h2>\n<div class=\"wpforms-container wpforms-container-full\" id=\"wpforms-1099\"><form id=\"wpforms-form-1099\" class=\"wpforms-validate wpforms-form\" data-formid=\"1099\" method=\"post\" enctype=\"multipart\/form-data\" action=\"\/ckz\/wp-json\/wp\/v2\/pages\/1089\" data-token=\"43fecc9a448745e7cba19fd9955f14f2\" data-token-time=\"1777541546\"><noscript class=\"wpforms-error-noscript\">Please enable JavaScript in your browser to complete this form.<\/noscript><div class=\"wpforms-field-container\"><div id=\"wpforms-1099-field_0-container\" class=\"wpforms-field wpforms-field-name\" data-field-id=\"0\"><label class=\"wpforms-field-label\" for=\"wpforms-1099-field_0\">Ime <span class=\"wpforms-required-label\">*<\/span><\/label><input type=\"text\" id=\"wpforms-1099-field_0\" class=\"wpforms-field-medium wpforms-field-required\" name=\"wpforms[fields][0]\" required><\/div><div id=\"wpforms-1099-field_1-container\" class=\"wpforms-field wpforms-field-email\" data-field-id=\"1\"><label class=\"wpforms-field-label\" for=\"wpforms-1099-field_1\">Email <span class=\"wpforms-required-label\">*<\/span><\/label><input type=\"email\" id=\"wpforms-1099-field_1\" class=\"wpforms-field-medium wpforms-field-required\" name=\"wpforms[fields][1]\" spellcheck=\"false\" required><\/div><div id=\"wpforms-1099-field_4-container\" class=\"wpforms-field wpforms-field-text\" data-field-id=\"4\"><label class=\"wpforms-field-label\" for=\"wpforms-1099-field_4\">Telefonska \u0161tevilka <span class=\"wpforms-required-label\">*<\/span><\/label><input type=\"text\" id=\"wpforms-1099-field_4\" class=\"wpforms-field-medium wpforms-field-required\" name=\"wpforms[fields][4]\" required><\/div><div id=\"wpforms-1099-field_2-container\" class=\"wpforms-field wpforms-field-textarea\" data-field-id=\"2\"><label class=\"wpforms-field-label\" for=\"wpforms-1099-field_2\">Sporo\u010dilo <span class=\"wpforms-required-label\">*<\/span><\/label><textarea id=\"wpforms-1099-field_2\" class=\"wpforms-field-medium wpforms-field-required\" name=\"wpforms[fields][2]\" required><\/textarea><\/div><\/div><!-- .wpforms-field-container --><div class=\"wpforms-field wpforms-field-hp\"><label for=\"wpforms-1099-field-hp\" class=\"wpforms-field-label\">Message<\/label><input type=\"text\" name=\"wpforms[hp]\" id=\"wpforms-1099-field-hp\" class=\"wpforms-field-medium\"><\/div><div class=\"wpforms-submit-container\" ><input type=\"hidden\" name=\"wpforms[id]\" value=\"1099\"><input type=\"hidden\" name=\"page_title\" value=\"\"><input type=\"hidden\" name=\"page_url\" value=\"https:\/\/www.zd-po.si\/ckz\/wp-json\/wp\/v2\/pages\/1089\"><input type=\"hidden\" name=\"url_referer\" value=\"\"><button type=\"submit\" name=\"wpforms[submit]\" id=\"wpforms-submit-1099\" class=\"wpforms-submit\" data-alt-text=\"Po\u0161iljam...\" data-submit-text=\"Po\u0161lji\" aria-live=\"assertive\" value=\"wpforms-submit\">Po\u0161lji<\/button><\/div><\/form><\/div>  <!-- .wpforms-container -->    <\/div>\n<\/div>\n<!-- \/module text -->        <\/div>\n                        <\/div>\n        <\/div>\n                        <div  data-lazy=\"1\" class=\"module_row themify_builder_row tb_2e1de60 tf_w\">\n                        <div class=\"row_inner col_align_top tb_col_count_1 tf_box tf_rel\">\n                        <div  data-lazy=\"1\" class=\"module_column tb-column col-full tb_b1ad96a first\">\n                    <!-- module fancy heading -->\n<div  class=\"module module-fancy-heading tb_68058a9 \" data-lazy=\"1\">\n        <h3 class=\"fancy-heading tf_textc\">\n    <span class=\"main-head tf_block\">\n                                <\/span>\n\n    \n    <span class=\"sub-head tf_block tf_rel\">\n                    Delavnice v katerih sodeluje            <\/span>\n    <\/h3>\n<\/div>\n<!-- \/module fancy heading -->\n        <\/div>\n                        <\/div>\n        <\/div>\n        <\/div>\n<!--\/themify_builder_content-->","protected":false},"excerpt":{"rendered":"<p>Sindi Lisjak, dipl.m.s.<\/p>\n","protected":false},"author":1,"featured_media":0,"parent":0,"menu_order":0,"comment_status":"closed","ping_status":"closed","template":"","meta":{"advgb_blocks_editor_width":"","advgb_blocks_columns_visual_guide":"","footnotes":""},"class_list":["post-1089","page","type-page","status-publish","hentry","has-post-title","has-post-date","has-post-category","has-post-tag","has-post-comment","has-post-author",""],"coauthors":[],"author_meta":{"author_link":"https:\/\/www.zd-po.si\/ckz\/author\/siteadmin\/","display_name":"SiteAdmin"},"relative_dates":{"created":"Posted 7 let ago","modified":"Updated 2 leta ago"},"absolute_dates":{"created":"Posted on 4 marca, 2019","modified":"Updated on 2 septembra, 2024"},"absolute_dates_time":{"created":"Posted on 4 marca, 2019 20:24","modified":"Updated on 2 septembra, 2024 11:42"},"featured_img_caption":"","featured_img":false,"series_order":"","publishpress_future_action":{"enabled":false,"date":"2026-05-07 10:32:26","action":"change-status","newStatus":"draft","terms":[],"taxonomy":"","extraData":[]},"publishpress_future_workflow_manual_trigger":{"enabledWorkflows":[]},"builder_content":"<img src=\"https:\/\/www.zd-po.si\/ckz\/wp-content\/uploads\/2024\/09\/Sindi_profilna-768x1024-300x400.jpg\" width=\"300\" height=\"400\" title=\"Sindi_profilna\" alt=\"Sindi_profilna\" srcset=\"https:\/\/www.zd-po.si\/ckz\/wp-content\/uploads\/2024\/09\/Sindi_profilna-768x1024-300x400.jpg 300w, https:\/\/www.zd-po.si\/ckz\/wp-content\/uploads\/2024\/09\/Sindi_profilna-225x300.jpg 225w, https:\/\/www.zd-po.si\/ckz\/wp-content\/uploads\/2024\/09\/Sindi_profilna-768x1024.jpg 768w, https:\/\/www.zd-po.si\/ckz\/wp-content\/uploads\/2024\/09\/Sindi_profilna-1152x1536.jpg 1152w, https:\/\/www.zd-po.si\/ckz\/wp-content\/uploads\/2024\/09\/Sindi_profilna-1536x2048.jpg 1536w, https:\/\/www.zd-po.si\/ckz\/wp-content\/uploads\/2024\/09\/Sindi_profilna-scaled.jpg 1920w\" sizes=\"(max-width: 300px) 100vw, 300px\" \/>\n<h2>Sindi Lisjak, dipl.m.s.<\/h2>\n<h2>Podro\u010dje dela:<\/h2><p>V Centru za krepitev zdravja ZD Postojna je zaposlena diplomirana medicinska sestra SINDI LISJAK, ki izvaja zdravstveno vzgojne delavnice v okviru vzgoje za zdravje otrok in mladostnikov.<\/p><p>Izvajalka vzgoje za zdravje se z vzgojno-izobra\u017eevalnimi delavnicami vklju\u010duje in zajema:<\/p>\n<ul><li>pred\u0161olske otroke<\/li><li>otroke osnovnih \u0161ol<\/li><li>dijake srednjih \u0161ol<\/li><li>v okviru osnovnega sodelovanja z vrtci in \u0161olami izvajalka izvaja tudi predavanja za star\u0161e pred\u0161olskih in \u0161olskih otrok<\/li><li>ter predavanja za vzgojitelje pred\u0161olskih otrok in pedago\u0161ke delavce osnovnih in srednjih \u0161ol<\/li><\/ul>\n<h2>Po\u0161ljite sporo\u010dilo<\/h2> <p>[wpforms id=\"1099\" title=\"false\" description=\"false\"]<\/p>\n<h3><br\/>Delavnice v katerih sodeluje<\/h3>","_links":{"self":[{"href":"https:\/\/www.zd-po.si\/ckz\/wp-json\/wp\/v2\/pages\/1089","targetHints":{"allow":["GET"]}}],"collection":[{"href":"https:\/\/www.zd-po.si\/ckz\/wp-json\/wp\/v2\/pages"}],"about":[{"href":"https:\/\/www.zd-po.si\/ckz\/wp-json\/wp\/v2\/types\/page"}],"author":[{"embeddable":true,"href":"https:\/\/www.zd-po.si\/ckz\/wp-json\/wp\/v2\/users\/1"}],"replies":[{"embeddable":true,"href":"https:\/\/www.zd-po.si\/ckz\/wp-json\/wp\/v2\/comments?post=1089"}],"version-history":[{"count":15,"href":"https:\/\/www.zd-po.si\/ckz\/wp-json\/wp\/v2\/pages\/1089\/revisions"}],"predecessor-version":[{"id":3253,"href":"https:\/\/www.zd-po.si\/ckz\/wp-json\/wp\/v2\/pages\/1089\/revisions\/3253"}],"wp:attachment":[{"href":"https:\/\/www.zd-po.si\/ckz\/wp-json\/wp\/v2\/media?parent=1089"}],"curies":[{"name":"wp","href":"https:\/\/api.w.org\/{rel}","templated":true}]}}