
{"id":129,"date":"2018-10-01T21:57:47","date_gmt":"2018-10-01T19:57:47","guid":{"rendered":"https:\/\/www.zd-po.si\/ckz\/?page_id=129"},"modified":"2024-09-02T09:54:23","modified_gmt":"2024-09-02T08:54:23","slug":"kje-smo","status":"publish","type":"page","link":"https:\/\/www.zd-po.si\/ckz\/kje-smo\/","title":{"rendered":"Kje smo?"},"content":{"rendered":"<p><\/p>\n<!--themify_builder_content-->\n<div id=\"themify_builder_content-129\" data-postid=\"129\" class=\"themify_builder_content themify_builder_content-129 themify_builder tf_clear\">\n                    <div  data-css_id=\"c18250e\" data-lazy=\"1\" class=\"module_row themify_builder_row fullwidth tb_c18250e tb_first tf_w\">\n                        <div class=\"row_inner col_align_top tb_col_count_1 tf_box tf_rel\">\n                        <div  data-lazy=\"1\" class=\"module_column tb-column col-full tb_eedac97 first\">\n                    <!-- module text -->\n<div  class=\"module module-text tb_4c83e80   \" data-lazy=\"1\">\n        <div  class=\"tb_text_wrap\">\n        <div class=\"google-maps\">\n\n<\/div>\n    <\/div>\n<\/div>\n<!-- \/module text -->        <div  data-lazy=\"1\" class=\"module_subrow themify_builder_sub_row tf_w col_align_top tb_col_count_2 tb_8abd6d1\">\n                <div  data-lazy=\"1\" class=\"module_column sub_column tb_fd0e753 first\">\n                    <!-- module text -->\n<div  class=\"module module-text tb_3877187   \" data-lazy=\"1\">\n        <div  class=\"tb_text_wrap\">\n        <h2>Kje smo?<\/h2>    <\/div>\n<\/div>\n<!-- \/module text --><!-- module text -->\n<div  class=\"module module-text tb_1243bba   \" data-lazy=\"1\">\n        <div  class=\"tb_text_wrap\">\n        <h4>Center za krepitev zdravja se nahaja v 1. nadstropju ZD Postojna &#8211; levo.<\/h4>\n<p><strong>URNIK<\/strong><br>Od od ponedeljka do petka od 07.00 do 15.00 oziroma po dogovoru.<br>Ob praznikih zaprto.<\/p>\n<p>Va\u0161a mnenje je za nas pomembno. \u010ce imate vpra\u0161anje vpra\u0161anje ali predlog, smo vam na voljo. Lahko nas pokli\u010dete po telefonu ali nam po\u0161ljete neposredno sporo\u010dilo z uporabo obrazca.<\/p>    <\/div>\n<\/div>\n<!-- \/module text --><!-- module divider -->\n<div  class=\"module tf_mw module-divider tb_88e2c4e solid   \" style=\"border-width: 1px;border-color: #ebebeb;margin-top: 10px;margin-bottom: 30px;\" data-lazy=\"1\">\n    <\/div>\n<!-- \/module divider -->\n<!-- module fancy heading -->\n<div  class=\"module module-fancy-heading tb_9y9s929 \" data-lazy=\"1\">\n        <h3 class=\"fancy-heading\">\n    <span class=\"main-head tf_block\">\n                    Telefon            <\/span>\n\n    \n    <span class=\"sub-head tf_block tf_rel\">\n                    Vzgoja za ustno zdravje, Zdravstvena vzgoja, Psihologinja            <\/span>\n    <\/h3>\n<\/div>\n<!-- \/module fancy heading -->\n<!-- module icon -->\n<div  class=\"module module-icon tb_jyvm929    icon_horizontal \" data-lazy=\"1\">\n\t\t\t<div class=\"module-icon-item\">\n\t\t\t\t\t\t\t\t\t\t\t\t\t\t\t\t<em class=\"tf_box\"\n\t\t\t\t\t\t\t\t\t\t\t\t style=\"background-color:#4d7de1;color:#edf3ff\"\t\t\t\t\t><svg  class=\"tf_fa tf-fas-phone-alt\" xmlns:xlink=\"http:\/\/www.w3.org\/1999\/xlink\" aria-hidden=\"true\"><use href=\"#tf-fas-phone-alt\" xlink:href=\"#tf-fas-phone-alt\"><\/use><\/svg><\/em>\n\t\t\t\t\t\t\t\t\t\t\t\t\t\t\t\t\t\t\t<span>05 700 04 33<\/span>\n\t\t\t\t\t\t\t\t\t\t\t\t\t\t\t<\/div>\n\t<\/div>\n<!-- \/module icon -->\n<!-- module fancy heading -->\n<div  class=\"module module-fancy-heading tb_42do929 \" data-lazy=\"1\">\n        <h3 class=\"fancy-heading\">\n    <span class=\"main-head tf_block\">\n                                <\/span>\n\n    \n    <span class=\"sub-head tf_block tf_rel\">\n                    Ostale dejavnosti            <\/span>\n    <\/h3>\n<\/div>\n<!-- \/module fancy heading -->\n<!-- module icon -->\n<div  class=\"module module-icon tb_ubrz930    icon_horizontal \" data-lazy=\"1\">\n\t\t\t<div class=\"module-icon-item\">\n\t\t\t\t\t\t\t\t\t\t\t\t\t\t\t\t<em class=\"tf_box\"\n\t\t\t\t\t\t\t\t\t\t\t\t style=\"background-color:#4d7de1;color:#edf3ff\"\t\t\t\t\t><svg  class=\"tf_fa tf-fas-phone-alt\" xmlns:xlink=\"http:\/\/www.w3.org\/1999\/xlink\" aria-hidden=\"true\"><use href=\"#tf-fas-phone-alt\" xlink:href=\"#tf-fas-phone-alt\"><\/use><\/svg><\/em>\n\t\t\t\t\t\t\t\t\t\t\t\t\t\t\t\t\t\t\t<span>05 700 04 32<\/span>\n\t\t\t\t\t\t\t\t\t\t\t\t\t\t\t<\/div>\n\t<\/div>\n<!-- \/module icon -->\n<!-- module icon -->\n<div  class=\"module module-icon tb_xdzr930    icon_horizontal \" data-lazy=\"1\">\n\t\t\t<div class=\"module-icon-item\">\n\t\t\t\t\t\t\t\t\t\t\t\t\t\t\t\t<em class=\"tf_box\"\n\t\t\t\t\t\t\t\t\t\t\t\t style=\"background-color:#4d7de1;color:#edf3ff\"\t\t\t\t\t><svg  class=\"tf_fa tf-fas-mobile\" xmlns:xlink=\"http:\/\/www.w3.org\/1999\/xlink\" aria-hidden=\"true\"><use href=\"#tf-fas-mobile\" xlink:href=\"#tf-fas-mobile\"><\/use><\/svg><\/em>\n\t\t\t\t\t\t\t\t\t\t\t\t\t\t\t\t\t\t\t<span>031 363 448<\/span>\n\t\t\t\t\t\t\t\t\t\t\t\t\t\t\t<\/div>\n\t<\/div>\n<!-- \/module icon -->\n<!-- module fancy heading -->\n<div  class=\"module module-fancy-heading tb_tk4b930 \" data-lazy=\"1\">\n        <h3 class=\"fancy-heading\">\n    <span class=\"main-head tf_block\">\n                    Naslov            <\/span>\n\n    \n    <span class=\"sub-head tf_block tf_rel\">\n                                <\/span>\n    <\/h3>\n<\/div>\n<!-- \/module fancy heading -->\n<!-- module text -->\n<div  class=\"module module-text tb_3bmr931   \" data-lazy=\"1\">\n        <div  class=\"tb_text_wrap\">\n        <div>Zdravstveni dom dr. Franca Ambro\u017ei\u010da,\u00a0<br \/>Center za krepitev zdravja,<br \/>Pre\u010dna ulica 2,<br \/>6230 Postojna<\/div>\n<div>\u00a0<\/div>\n<div><img loading=\"lazy\" decoding=\"async\" class=\"alignnone size-full wp-image-2383\" src=\"https:\/\/www.zd-po.si\/ckz\/wp-content\/uploads\/2022\/10\/ZdpLogoNov.png\" alt=\"\" width=\"249\" height=\"108\" \/><\/div>\n<div>\u00a0<\/div>    <\/div>\n<\/div>\n<!-- \/module text -->        <\/div>\n                    <div  data-lazy=\"1\" class=\"module_column sub_column tb_a2306dd last\">\n                    <!-- module widget -->\n<div  class=\"module module-widget tb_aeb4e14  repeat\" data-lazy=\"1\">\n    <h3 class=\"module-title\">Po\u0161ljite nam sporo\u010dilo<\/h3><div class=\"widget wpforms-widget\"><div class=\"wpforms-container wpforms-container-full\" id=\"wpforms-817\"><form id=\"wpforms-form-817\" class=\"wpforms-validate wpforms-form\" data-formid=\"817\" method=\"post\" enctype=\"multipart\/form-data\" action=\"\/ckz\/wp-json\/wp\/v2\/pages\/129\" data-token=\"87d6b822c09b8f569a01c2ed94e29ad7\" data-token-time=\"1777237144\"><noscript class=\"wpforms-error-noscript\">Please enable JavaScript in your browser to complete this form.<\/noscript><div class=\"wpforms-field-container\"><div id=\"wpforms-817-field_0-container\" class=\"wpforms-field wpforms-field-name\" data-field-id=\"0\"><label class=\"wpforms-field-label\" for=\"wpforms-817-field_0\">Ime <span class=\"wpforms-required-label\">*<\/span><\/label><input type=\"text\" id=\"wpforms-817-field_0\" class=\"wpforms-field-medium wpforms-field-required\" name=\"wpforms[fields][0]\" required><\/div><div id=\"wpforms-817-field_1-container\" class=\"wpforms-field wpforms-field-email\" data-field-id=\"1\"><label class=\"wpforms-field-label\" for=\"wpforms-817-field_1\">Email <span class=\"wpforms-required-label\">*<\/span><\/label><input type=\"email\" id=\"wpforms-817-field_1\" class=\"wpforms-field-medium wpforms-field-required\" name=\"wpforms[fields][1]\" spellcheck=\"false\" required><\/div><div id=\"wpforms-817-field_6-container\" class=\"wpforms-field wpforms-field-text\" data-field-id=\"6\"><label class=\"wpforms-field-label\" for=\"wpforms-817-field_6\">Telefonska \u0161tevilka<\/label><input type=\"text\" id=\"wpforms-817-field_6\" class=\"wpforms-field-medium\" name=\"wpforms[fields][6]\" ><\/div><div id=\"wpforms-817-field_2-container\" class=\"wpforms-field wpforms-field-textarea\" data-field-id=\"2\"><label class=\"wpforms-field-label\" for=\"wpforms-817-field_2\">Sporo\u010dilo <span class=\"wpforms-required-label\">*<\/span><\/label><textarea id=\"wpforms-817-field_2\" class=\"wpforms-field-medium wpforms-field-required\" name=\"wpforms[fields][2]\" required><\/textarea><\/div><div id=\"wpforms-817-field_5-container\" class=\"wpforms-field wpforms-field-checkbox\" data-field-id=\"5\"><label class=\"wpforms-field-label\">Varovanje osebnih podatkov <span class=\"wpforms-required-label\">*<\/span><\/label><ul id=\"wpforms-817-field_5\" class=\"wpforms-field-required\"><li class=\"choice-1 depth-1\"><input type=\"checkbox\" id=\"wpforms-817-field_5_1\" name=\"wpforms[fields][5][]\" value=\"S klikom na gumb &quot;Po\u0161lji&quot; dajem izrecno privolitev, da lahko ustanova ZD Postojna zgoraj vpisane osebne podatke obdeluje z namenom izvedbe delavnice ter me kontaktira v zvezi z delavnico preko telefona ali e-po\u0161te. Potrjujem tudi, da se strinjam s &lt;a target=&quot;_blank&quot; rel=&quot;noopener noreferrer&quot; href=&quot; https:\/\/www.zd-po.si\/politika-varovanja-osebnih-podatkov\/&quot; &gt;politiko varovanja osebnih podatkov. &lt;\/a&gt;\" required ><label class=\"wpforms-field-label-inline\" for=\"wpforms-817-field_5_1\">S klikom na gumb \"Po\u0161lji\" dajem izrecno privolitev, da lahko ustanova ZD Postojna zgoraj vpisane osebne podatke obdeluje z namenom izvedbe delavnice ter me kontaktira v zvezi z delavnico preko telefona ali e-po\u0161te. Potrjujem tudi, da se strinjam s <a target=\"_blank\" rel=\"noopener noreferrer\" href=\"https:\/\/www.zd-po.si\/politika-varovanja-osebnih-podatkov\/\">politiko varovanja osebnih podatkov. <\/a><\/label><\/li><\/ul><\/div><\/div><!-- .wpforms-field-container --><div class=\"wpforms-field wpforms-field-hp\"><label for=\"wpforms-817-field-hp\" class=\"wpforms-field-label\">Website<\/label><input type=\"text\" name=\"wpforms[hp]\" id=\"wpforms-817-field-hp\" class=\"wpforms-field-medium\"><\/div><div class=\"wpforms-submit-container\" ><input type=\"hidden\" name=\"wpforms[id]\" value=\"817\"><input type=\"hidden\" name=\"page_title\" value=\"\"><input type=\"hidden\" name=\"page_url\" value=\"https:\/\/www.zd-po.si\/ckz\/wp-json\/wp\/v2\/pages\/129\"><input type=\"hidden\" name=\"url_referer\" value=\"\"><button type=\"submit\" name=\"wpforms[submit]\" id=\"wpforms-submit-817\" class=\"wpforms-submit\" data-alt-text=\"Po\u0161iljam...\" data-submit-text=\"Po\u0161lji\" aria-live=\"assertive\" value=\"wpforms-submit\">Po\u0161lji<\/button><\/div><\/form><\/div>  <!-- .wpforms-container --><\/div><\/div>\n<!-- \/module widget -->\n        <\/div>\n                    <\/div>\n                <\/div>\n                        <\/div>\n        <\/div>\n        <\/div>\n<!--\/themify_builder_content-->","protected":false},"excerpt":{"rendered":"<p>Kje smo? Center za krepitev zdravja se nahaja v 1. nadstropju ZD Postojna &#8211; levo. URNIKOd od ponedeljka do petka od 07.00 do 15.00 oziroma po dogovoru.Ob praznikih zaprto. Va\u0161a mnenje je za nas pomembno. \u010ce imate vpra\u0161anje vpra\u0161anje ali predlog, smo vam na voljo. Lahko nas pokli\u010dete po telefonu ali nam po\u0161ljete neposredno sporo\u010dilo [&hellip;]<\/p>\n","protected":false},"author":1,"featured_media":0,"parent":0,"menu_order":0,"comment_status":"closed","ping_status":"closed","template":"","meta":{"advgb_blocks_editor_width":"","advgb_blocks_columns_visual_guide":"","footnotes":""},"class_list":["post-129","page","type-page","status-publish","hentry","has-post-title","has-post-date","has-post-category","has-post-tag","has-post-comment","has-post-author",""],"coauthors":[],"author_meta":{"author_link":"https:\/\/www.zd-po.si\/ckz\/author\/siteadmin\/","display_name":"SiteAdmin"},"relative_dates":{"created":"Posted 8 let ago","modified":"Updated 2 leta ago"},"absolute_dates":{"created":"Posted on 1 oktobra, 2018","modified":"Updated on 2 septembra, 2024"},"absolute_dates_time":{"created":"Posted on 1 oktobra, 2018 21:57","modified":"Updated on 2 septembra, 2024 9:54"},"featured_img_caption":"","featured_img":false,"series_order":"","publishpress_future_action":{"enabled":false,"date":"2026-05-03 21:59:04","action":"change-status","newStatus":"draft","terms":[],"taxonomy":"","extraData":[]},"publishpress_future_workflow_manual_trigger":{"enabledWorkflows":[]},"builder_content":"\n<h2>Kje smo?<\/h2>\n<h4>Center za krepitev zdravja se nahaja v 1. nadstropju ZD Postojna - levo.<\/h4> <p><strong>URNIK<\/strong><br>Od od ponedeljka do petka od 07.00 do 15.00 oziroma po dogovoru.<br>Ob praznikih zaprto.<\/p> <p>Va\u0161a mnenje je za nas pomembno. \u010ce imate vpra\u0161anje vpra\u0161anje ali predlog, smo vam na voljo. Lahko nas pokli\u010dete po telefonu ali nam po\u0161ljete neposredno sporo\u010dilo z uporabo obrazca.<\/p>\n\n<h3>Telefon<br\/>Vzgoja za ustno zdravje, Zdravstvena vzgoja, Psihologinja<\/h3>\n<em style=\"background-color:#4d7de1;color:#edf3ff\" ><svg xmlns:xlink=\"http:\/\/www.w3.org\/1999\/xlink\" aria-hidden=\"true\"><use href=\"#tf-fas-phone-alt\" xlink:href=\"#tf-fas-phone-alt\"><\/use><\/svg><\/em> 05 700 04 33\n<h3><br\/>Ostale dejavnosti<\/h3>\n<em style=\"background-color:#4d7de1;color:#edf3ff\" ><svg xmlns:xlink=\"http:\/\/www.w3.org\/1999\/xlink\" aria-hidden=\"true\"><use href=\"#tf-fas-phone-alt\" xlink:href=\"#tf-fas-phone-alt\"><\/use><\/svg><\/em> 05 700 04 32\n<em style=\"background-color:#4d7de1;color:#edf3ff\" ><svg xmlns:xlink=\"http:\/\/www.w3.org\/1999\/xlink\" aria-hidden=\"true\"><use href=\"#tf-fas-mobile\" xlink:href=\"#tf-fas-mobile\"><\/use><\/svg><\/em> 031 363 448\n<h3>Naslov<br\/><\/h3>\nZdravstveni dom dr. Franca Ambro\u017ei\u010da,\u00a0<br \/>Center za krepitev zdravja,<br \/>Pre\u010dna ulica 2,<br \/>6230 Postojna \u00a0 <img loading=\"lazy\" decoding=\"async\" src=\"https:\/\/www.zd-po.si\/ckz\/wp-content\/uploads\/2022\/10\/ZdpLogoNov.png\" alt=\"\" width=\"249\" height=\"108\" \/> \u00a0\n<h3>Po\u0161ljite nam sporo\u010dilo<\/h3><form id=\"wpforms-form-817\" data-formid=\"817\" method=\"post\" enctype=\"multipart\/form-data\" action=\"\/ckz\/wp-json\/wp\/v2\/pages\/129\" data-token=\"87d6b822c09b8f569a01c2ed94e29ad7\" data-token-time=\"1777237144\"><noscript>Please enable JavaScript in your browser to complete this form.<\/noscript><label for=\"wpforms-817-field_0\">Ime *<\/label><input type=\"text\" id=\"wpforms-817-field_0\" name=\"wpforms[fields][0]\" required><label for=\"wpforms-817-field_1\">Email *<\/label><input type=\"email\" id=\"wpforms-817-field_1\" name=\"wpforms[fields][1]\" spellcheck=\"false\" required><label for=\"wpforms-817-field_6\">Telefonska \u0161tevilka<\/label><input type=\"text\" id=\"wpforms-817-field_6\" name=\"wpforms[fields][6]\" ><label for=\"wpforms-817-field_2\">Sporo\u010dilo *<\/label><textarea id=\"wpforms-817-field_2\" name=\"wpforms[fields][2]\" required><\/textarea><label>Varovanje osebnih podatkov *<\/label><ul id=\"wpforms-817-field_5\"><li><input type=\"checkbox\" id=\"wpforms-817-field_5_1\" name=\"wpforms[fields][5][]\" value=\"S klikom na gumb &quot;Po\u0161lji&quot; dajem izrecno privolitev, da lahko ustanova ZD Postojna zgoraj vpisane osebne podatke obdeluje z namenom izvedbe delavnice ter me kontaktira v zvezi z delavnico preko telefona ali e-po\u0161te. Potrjujem tudi, da se strinjam s &lt;a target=&quot;_blank&quot; rel=&quot;noopener noreferrer&quot; href=&quot; https:\/\/www.zd-po.si\/politika-varovanja-osebnih-podatkov\/&quot; &gt;politiko varovanja osebnih podatkov. &lt;\/a&gt;\" required ><label for=\"wpforms-817-field_5_1\">S klikom na gumb \"Po\u0161lji\" dajem izrecno privolitev, da lahko ustanova ZD Postojna zgoraj vpisane osebne podatke obdeluje z namenom izvedbe delavnice ter me kontaktira v zvezi z delavnico preko telefona ali e-po\u0161te. Potrjujem tudi, da se strinjam s <a target=\"_blank\" rel=\"noopener noreferrer\" href=\"https:\/\/www.zd-po.si\/politika-varovanja-osebnih-podatkov\/\">politiko varovanja osebnih podatkov. <\/a><\/label><\/li><\/ul><label for=\"wpforms-817-field-hp\">Phone<\/label><input type=\"text\" name=\"wpforms[hp]\" id=\"wpforms-817-field-hp\"><input type=\"hidden\" name=\"wpforms[id]\" value=\"817\"><input type=\"hidden\" name=\"page_title\" value=\"\"><input type=\"hidden\" name=\"page_url\" value=\"https:\/\/www.zd-po.si\/ckz\/wp-json\/wp\/v2\/pages\/129\"><input type=\"hidden\" name=\"url_referer\" value=\"\"><button type=\"submit\" name=\"wpforms[submit]\" id=\"wpforms-submit-817\" data-alt-text=\"Po\u0161iljam...\" data-submit-text=\"Po\u0161lji\" aria-live=\"assertive\" value=\"wpforms-submit\">Po\u0161lji<\/button><\/form>","_links":{"self":[{"href":"https:\/\/www.zd-po.si\/ckz\/wp-json\/wp\/v2\/pages\/129","targetHints":{"allow":["GET"]}}],"collection":[{"href":"https:\/\/www.zd-po.si\/ckz\/wp-json\/wp\/v2\/pages"}],"about":[{"href":"https:\/\/www.zd-po.si\/ckz\/wp-json\/wp\/v2\/types\/page"}],"author":[{"embeddable":true,"href":"https:\/\/www.zd-po.si\/ckz\/wp-json\/wp\/v2\/users\/1"}],"replies":[{"embeddable":true,"href":"https:\/\/www.zd-po.si\/ckz\/wp-json\/wp\/v2\/comments?post=129"}],"version-history":[{"count":73,"href":"https:\/\/www.zd-po.si\/ckz\/wp-json\/wp\/v2\/pages\/129\/revisions"}],"predecessor-version":[{"id":3167,"href":"https:\/\/www.zd-po.si\/ckz\/wp-json\/wp\/v2\/pages\/129\/revisions\/3167"}],"wp:attachment":[{"href":"https:\/\/www.zd-po.si\/ckz\/wp-json\/wp\/v2\/media?parent=129"}],"curies":[{"name":"wp","href":"https:\/\/api.w.org\/{rel}","templated":true}]}}