
{"id":131,"date":"2018-10-01T21:58:35","date_gmt":"2018-10-01T19:58:35","guid":{"rendered":"https:\/\/www.zd-po.si\/ckz\/?page_id=131"},"modified":"2025-09-10T06:24:38","modified_gmt":"2025-09-10T05:24:38","slug":"aktualne-novice","status":"publish","type":"page","link":"https:\/\/www.zd-po.si\/ckz\/aktualne-novice\/","title":{"rendered":"Aktualne novice"},"content":{"rendered":"<!--themify_builder_content-->\n<div id=\"themify_builder_content-131\" data-postid=\"131\" class=\"themify_builder_content themify_builder_content-131 themify_builder tf_clear\">\n                    <div  data-lazy=\"1\" class=\"module_row themify_builder_row tb_240c48d tb_first tf_w\">\n                        <div class=\"row_inner col_align_top tb_col_count_1 tf_box tf_rel\">\n                        <div  data-lazy=\"1\" class=\"module_column tb-column col-full tb_b2686e0 first\">\n                    <!-- module plain text -->\n<div  class=\"module module-plain-text tb_g0tv95 \" data-lazy=\"1\">\n        <div class=\"tb_text_wrap\">\n    Dobrodo\u0161li na blogu Centra za krepitev zdravja Postojna! Tukaj objavljamo aktualne novice in nasvete za bolj\u0161e zdravje in dobro po\u010dutje.<br><div>Spremljajte na\u0161e objave za informacije o delavnicah, predavanjih in drugih aktivnostih, ki vam bodo pomagale na poti do bolj zdravega \u017eivljenja.<\/div><div><br><\/div>    <\/div>\n<\/div>\n<!-- \/module plain text --><!-- module post -->\n<div  class=\"module module-post tb_9af03b2  tb_fullwidth_image\">\n    <div  class=\"builder-posts-wrap loops-wrapper grid4 masonry boxed tf_rel tf_clear tf_clearfix\" data-lazy=\"1\" data-layout=\"fitRows\">\n    <article id=\"post-3646\" class=\"post tf_clearfix post-3646 type-post status-publish format-standard has-post-thumbnail hentry category-aktualno has-post-title no-post-date has-post-category has-post-tag has-post-comment has-post-author \">\n\t    \n\t                <figure class=\"post-image tf_clearfix\">\n                                                            <a href=\"https:\/\/www.zd-po.si\/ckz\/ko-dobro-spimo-bolje-zivimo\/\">\n                                        <img loading=\"lazy\" decoding=\"async\" src=\"https:\/\/www.zd-po.si\/ckz\/wp-content\/uploads\/2026\/03\/dobro-spimo-250x150.png\" width=\"250\" height=\"150\" class=\"wp-post-image wp-image-3659\" title=\"dobro-spimo\" alt=\"dobro-spimo\">                                                                    <\/a>\n                                                                <\/figure>\n                    \t<div class=\"post-content\">\n\t\t<div class=\"post-content-inner\">\n\n\t\t\t\n\t\t\t<h2 class=\"post-title entry-title\"><a href=\"https:\/\/www.zd-po.si\/ckz\/ko-dobro-spimo-bolje-zivimo\/\">Ko dobro spimo, bolje \u017eivimo<\/a><\/h2>\n\t\t\t\n\t\t\t\n\t\t\t        <div class=\"entry-content\">\n\n        \n            <p>Svetovni dan spanja, ki ga letos obele\u017eujemo 13. marca pod geslom \u00bbKo dobro spimo, bolje [&hellip;]<\/p>\n\n                \n                    <div class=\"more-link-wrap\"><a href=\"https:\/\/www.zd-po.si\/ckz\/ko-dobro-spimo-bolje-zivimo\/\" class=\"more-link\">Preberi ve\u010d<\/a><\/div>\n\n            \n            \n        <\/div><!-- \/.entry-content -->\n        \n\t\t<\/div>\n\t\t<!-- \/.post-content-inner -->\n\t<\/div>\n\t<!-- \/.post-content -->\n\t\n<\/article>\n<!-- \/.post -->\n<article id=\"post-3579\" class=\"post tf_clearfix post-3579 type-post status-publish format-standard has-post-thumbnail hentry category-aktualno has-post-title no-post-date has-post-category has-post-tag has-post-comment has-post-author \">\n\t    \n\t                <figure class=\"post-image tf_clearfix\">\n                                                            <a href=\"https:\/\/www.zd-po.si\/ckz\/roznati-oktober-naredite-korak-za-svoje-zdravje-izberite-zdrav-nacin-zivljenja-in-se-odzovite-vabilu-programa-dora\/\">\n                                        <img loading=\"lazy\" decoding=\"async\" src=\"https:\/\/www.zd-po.si\/ckz\/wp-content\/uploads\/2022\/10\/roznati_oktober2022-250x150.png\" width=\"250\" height=\"150\" class=\"wp-post-image wp-image-2356\" title=\"roznati_oktober2022\" alt=\"roznati_oktober2022\">                                                                    <\/a>\n                                                                <\/figure>\n                    \t<div class=\"post-content\">\n\t\t<div class=\"post-content-inner\">\n\n\t\t\t\n\t\t\t<h2 class=\"post-title entry-title\"><a href=\"https:\/\/www.zd-po.si\/ckz\/roznati-oktober-naredite-korak-za-svoje-zdravje-izberite-zdrav-nacin-zivljenja-in-se-odzovite-vabilu-programa-dora\/\">RO\u017dNATI OKTOBER &#8211; NAREDITE KORAK ZA SVOJE ZDRAVJE, IZBERITE ZDRAV NA\u010cIN \u017dIVLJENJA IN SE ODZOVITE VABILU PROGRAMA DORA<\/a><\/h2>\n\t\t\t\n\t\t\t\n\t\t\t        <div class=\"entry-content\">\n\n        \n            <p>\u017dNATI OKTOBER &#8211; NAREDITE KORAK ZA SVOJE ZDRAVJE, IZBERITE ZDRAV NA\u010cIN \u017dIVLJENJA IN SE ODZOVITE [&hellip;]<\/p>\n\n                \n                    <div class=\"more-link-wrap\"><a href=\"https:\/\/www.zd-po.si\/ckz\/roznati-oktober-naredite-korak-za-svoje-zdravje-izberite-zdrav-nacin-zivljenja-in-se-odzovite-vabilu-programa-dora\/\" class=\"more-link\">Preberi ve\u010d<\/a><\/div>\n\n            \n            \n        <\/div><!-- \/.entry-content -->\n        \n\t\t<\/div>\n\t\t<!-- \/.post-content-inner -->\n\t<\/div>\n\t<!-- \/.post-content -->\n\t\n<\/article>\n<!-- \/.post -->\n<article id=\"post-3519\" class=\"post tf_clearfix post-3519 type-post status-publish format-standard has-post-thumbnail hentry category-aktualno has-post-title no-post-date has-post-category has-post-tag has-post-comment has-post-author \">\n\t    \n\t                <figure class=\"post-image tf_clearfix\">\n                                                            <a href=\"https:\/\/www.zd-po.si\/ckz\/zdravje-v-obcini-pivka-pregled-kazalnikov-zdravja-objavljenih-za-leto-2024\/\">\n                                        <img loading=\"lazy\" decoding=\"async\" src=\"https:\/\/www.zd-po.si\/ckz\/wp-content\/uploads\/2025\/02\/ZdravjeVObcini-Postojna-250x150.png\" width=\"250\" height=\"150\" class=\"wp-post-image wp-image-3478\" title=\"ZdravjeVObcini Postojna\" alt=\"ZdravjeVObcini Postojna\">                                                                    <\/a>\n                                                                <\/figure>\n                    \t<div class=\"post-content\">\n\t\t<div class=\"post-content-inner\">\n\n\t\t\t\n\t\t\t<h2 class=\"post-title entry-title\"><a href=\"https:\/\/www.zd-po.si\/ckz\/zdravje-v-obcini-pivka-pregled-kazalnikov-zdravja-objavljenih-za-leto-2024\/\">Zdravje v ob\u010dini Pivka: pregled kazalnikov zdravja, objavljenih za leto 2024<\/a><\/h2>\n\t\t\t\n\t\t\t\n\t\t\t        <div class=\"entry-content\">\n\n        \n            <p>Zdravje je kompleksen pojem, ki ga je Svetovna zdravstvena organizacija (SZO) leta 1948 opredelila kot [&hellip;]<\/p>\n\n                \n                    <div class=\"more-link-wrap\"><a href=\"https:\/\/www.zd-po.si\/ckz\/zdravje-v-obcini-pivka-pregled-kazalnikov-zdravja-objavljenih-za-leto-2024\/\" class=\"more-link\">Preberi ve\u010d<\/a><\/div>\n\n            \n            \n        <\/div><!-- \/.entry-content -->\n        \n\t\t<\/div>\n\t\t<!-- \/.post-content-inner -->\n\t<\/div>\n\t<!-- \/.post-content -->\n\t\n<\/article>\n<!-- \/.post -->\n<article id=\"post-3477\" class=\"post tf_clearfix post-3477 type-post status-publish format-standard has-post-thumbnail hentry category-aktualno has-post-title no-post-date has-post-category has-post-tag has-post-comment has-post-author \">\n\t    \n\t                <figure class=\"post-image tf_clearfix\">\n                                                            <a href=\"https:\/\/www.zd-po.si\/ckz\/zdravje-v-obcini-postojna-pregled-kazalnikovzdravja-objavljenih-za-leto-2024\/\">\n                                        <img loading=\"lazy\" decoding=\"async\" src=\"https:\/\/www.zd-po.si\/ckz\/wp-content\/uploads\/2025\/02\/ZdravjeVObcini-Postojna-250x150.png\" width=\"250\" height=\"150\" class=\"wp-post-image wp-image-3478\" title=\"ZdravjeVObcini Postojna\" alt=\"ZdravjeVObcini Postojna\">                                                                    <\/a>\n                                                                <\/figure>\n                    \t<div class=\"post-content\">\n\t\t<div class=\"post-content-inner\">\n\n\t\t\t\n\t\t\t<h2 class=\"post-title entry-title\"><a href=\"https:\/\/www.zd-po.si\/ckz\/zdravje-v-obcini-postojna-pregled-kazalnikovzdravja-objavljenih-za-leto-2024\/\">Zdravje v ob\u010dini Postojna: pregled kazalnikovzdravja, objavljenih za leto 2024<\/a><\/h2>\n\t\t\t\n\t\t\t\n\t\t\t        <div class=\"entry-content\">\n\n        \n            <p>Zdravje je kompleksen pojem, ki ga je Svetovna zdravstvena organizacija (SZO) leta 1948opredelila kot stanje [&hellip;]<\/p>\n\n                \n                    <div class=\"more-link-wrap\"><a href=\"https:\/\/www.zd-po.si\/ckz\/zdravje-v-obcini-postojna-pregled-kazalnikovzdravja-objavljenih-za-leto-2024\/\" class=\"more-link\">Preberi ve\u010d<\/a><\/div>\n\n            \n            \n        <\/div><!-- \/.entry-content -->\n        \n\t\t<\/div>\n\t\t<!-- \/.post-content-inner -->\n\t<\/div>\n\t<!-- \/.post-content -->\n\t\n<\/article>\n<!-- \/.post -->\n<article id=\"post-1647\" class=\"post tf_clearfix post-1647 type-post status-publish format-standard has-post-thumbnail hentry category-aktualno has-post-title no-post-date has-post-category has-post-tag has-post-comment has-post-author \">\n\t    \n\t                <figure class=\"post-image tf_clearfix\">\n                                                            <a href=\"https:\/\/www.zd-po.si\/ckz\/gibam-se-feb-mar-2020\/\">\n                                        <img loading=\"lazy\" decoding=\"async\" src=\"https:\/\/www.zd-po.si\/ckz\/wp-content\/uploads\/2020\/01\/telesna-dejavnost-250x150.png\" width=\"250\" height=\"150\" class=\"wp-post-image wp-image-3333\" title=\"telesna dejavnost\" alt=\"telesna dejavnost\">                                                                    <\/a>\n                                                                <\/figure>\n                    \t<div class=\"post-content\">\n\t\t<div class=\"post-content-inner\">\n\n\t\t\t\n\t\t\t<h2 class=\"post-title entry-title\"><a href=\"https:\/\/www.zd-po.si\/ckz\/gibam-se-feb-mar-2020\/\">Telesna dejavnost<\/a><\/h2>\n\t\t\t\n\t\t\t\n\t\t\t        <div class=\"entry-content\">\n\n        \n            Telesna aktivnost! Vsak dan. Programa: Ali sem fit 1? Ali sem fit 2?\n                \n                    <div class=\"more-link-wrap\"><a href=\"https:\/\/www.zd-po.si\/ckz\/gibam-se-feb-mar-2020\/\" class=\"more-link\">Preberi ve\u010d<\/a><\/div>\n\n            \n            \n        <\/div><!-- \/.entry-content -->\n        \n\t\t<\/div>\n\t\t<!-- \/.post-content-inner -->\n\t<\/div>\n\t<!-- \/.post-content -->\n\t\n<\/article>\n<!-- \/.post -->\n<article id=\"post-1848\" class=\"post tf_clearfix post-1848 type-post status-publish format-standard has-post-thumbnail hentry category-aktualno has-post-title no-post-date has-post-category has-post-tag has-post-comment has-post-author \">\n\t    \n\t                <figure class=\"post-image tf_clearfix\">\n                                                            <a href=\"https:\/\/www.zd-po.si\/ckz\/sola-zdravega-hujsanja-sept-2020-2\/\">\n                                        <img loading=\"lazy\" decoding=\"async\" src=\"https:\/\/www.zd-po.si\/ckz\/wp-content\/uploads\/2020\/08\/ZDRAVO-HUJSANJE-250x150.png\" width=\"250\" height=\"150\" class=\"wp-post-image wp-image-3321\" title=\"ZDRAVO HUJ\u0160ANJE\" alt=\"ZDRAVO HUJ\u0160ANJE\">                                                                    <\/a>\n                                                                <\/figure>\n                    \t<div class=\"post-content\">\n\t\t<div class=\"post-content-inner\">\n\n\t\t\t\n\t\t\t<h2 class=\"post-title entry-title\"><a href=\"https:\/\/www.zd-po.si\/ckz\/sola-zdravega-hujsanja-sept-2020-2\/\">Zdrava mera (Zdravo huj\u0161anje)<\/a><\/h2>\n\t\t\t\n\t\t\t\n\t\t\t        <div class=\"entry-content\">\n\n        \n            Sprejemamo prijave za program Zdrava mera (Zdravo huj\u0161anje).\n                \n                    <div class=\"more-link-wrap\"><a href=\"https:\/\/www.zd-po.si\/ckz\/sola-zdravega-hujsanja-sept-2020-2\/\" class=\"more-link\">Preberi ve\u010d<\/a><\/div>\n\n            \n            \n        <\/div><!-- \/.entry-content -->\n        \n\t\t<\/div>\n\t\t<!-- \/.post-content-inner -->\n\t<\/div>\n\t<!-- \/.post-content -->\n\t\n<\/article>\n<!-- \/.post -->\n<article id=\"post-2720\" class=\"post tf_clearfix post-2720 type-post status-publish format-standard has-post-thumbnail hentry category-aktualno has-post-title no-post-date has-post-category has-post-tag has-post-comment has-post-author \">\n\t    \n\t                <figure class=\"post-image tf_clearfix\">\n                                                            <a href=\"https:\/\/www.zd-po.si\/ckz\/vadba-za-nosecnice\/\">\n                                        <img loading=\"lazy\" decoding=\"async\" src=\"https:\/\/www.zd-po.si\/ckz\/wp-content\/uploads\/2025\/01\/Kopija-izdelka-vadba-v-nosecnostit-4-726x1024-250x150.png\" width=\"250\" height=\"150\" class=\"wp-post-image wp-image-3349\" title=\"Kopija izdelka vadba v nose\u010dnostit (4)\" alt=\"Kopija izdelka vadba v nose\u010dnostit (4)\">                                                                    <\/a>\n                                                                <\/figure>\n                    \t<div class=\"post-content\">\n\t\t<div class=\"post-content-inner\">\n\n\t\t\t\n\t\t\t<h2 class=\"post-title entry-title\"><a href=\"https:\/\/www.zd-po.si\/ckz\/vadba-za-nosecnice\/\">Vadba za nose\u010dnice<\/a><\/h2>\n\t\t\t\n\t\t\t\n\t\t\t        <div class=\"entry-content\">\n\n        \n            PONEDELJEK OB 17:00 (ZD Postojna)\n                \n                    <div class=\"more-link-wrap\"><a href=\"https:\/\/www.zd-po.si\/ckz\/vadba-za-nosecnice\/\" class=\"more-link\">Preberi ve\u010d<\/a><\/div>\n\n            \n            \n        <\/div><!-- \/.entry-content -->\n        \n\t\t<\/div>\n\t\t<!-- \/.post-content-inner -->\n\t<\/div>\n\t<!-- \/.post-content -->\n\t\n<\/article>\n<!-- \/.post -->\n<article id=\"post-2597\" class=\"post tf_clearfix post-2597 type-post status-publish format-standard has-post-thumbnail hentry category-aktualno has-post-title no-post-date has-post-category has-post-tag has-post-comment has-post-author \">\n\t    \n\t                <figure class=\"post-image tf_clearfix\">\n                                                            <a href=\"https:\/\/www.zd-po.si\/ckz\/kaj-je-dobro-vedeti-o-hpv\/\">\n                                        <img loading=\"lazy\" decoding=\"async\" src=\"https:\/\/www.zd-po.si\/ckz\/wp-content\/uploads\/2023\/02\/hpv-uter-250x150.png\" width=\"250\" height=\"150\" class=\"wp-post-image wp-image-2598\" title=\"hpv-uter\" alt=\"hpv-uter\">                                                                    <\/a>\n                                                                <\/figure>\n                    \t<div class=\"post-content\">\n\t\t<div class=\"post-content-inner\">\n\n\t\t\t\n\t\t\t<h2 class=\"post-title entry-title\"><a href=\"https:\/\/www.zd-po.si\/ckz\/kaj-je-dobro-vedeti-o-hpv\/\">KAJ JE DOBRO VEDETI O HPV?<\/a><\/h2>\n\t\t\t\n\t\t\t\n\t\t\t        <div class=\"entry-content\">\n\n        \n            Oku\u017eba s HPV je zelo pogosta pri mo\u0161kih in \u017eenskah. Vsaj enkrat v \u017eivljenju se&hellip;\n                \n                    <div class=\"more-link-wrap\"><a href=\"https:\/\/www.zd-po.si\/ckz\/kaj-je-dobro-vedeti-o-hpv\/\" class=\"more-link\">Preberi ve\u010d<\/a><\/div>\n\n            \n            \n        <\/div><!-- \/.entry-content -->\n        \n\t\t<\/div>\n\t\t<!-- \/.post-content-inner -->\n\t<\/div>\n\t<!-- \/.post-content -->\n\t\n<\/article>\n<!-- \/.post -->\n    <\/div><!-- .builder-posts-wrap -->\n                                <div class=\"pagenav tf_clear tf_box tf_textr tf_clearfix \"> <span class=\"number current\">1<\/span> <a href=\"https:\/\/www.zd-po.si\/ckz\/wp-json\/wp\/v2\/pages\/131\/page\/2\/\" class=\"number\">2<\/a><\/div>                <\/div>\n<!-- \/module post -->\n            <\/div>\n                        <\/div>\n        <\/div>\n        <\/div>\n<!--\/themify_builder_content-->","protected":false},"excerpt":{"rendered":"","protected":false},"author":1,"featured_media":0,"parent":0,"menu_order":0,"comment_status":"closed","ping_status":"closed","template":"","meta":{"advgb_blocks_editor_width":"","advgb_blocks_columns_visual_guide":"","footnotes":""},"class_list":["post-131","page","type-page","status-publish","hentry","has-post-title","has-post-date","has-post-category","has-post-tag","has-post-comment","has-post-author",""],"coauthors":[],"author_meta":{"author_link":"https:\/\/www.zd-po.si\/ckz\/author\/siteadmin\/","display_name":"SiteAdmin"},"relative_dates":{"created":"Posted 8 let ago","modified":"Updated 8 mesecev ago"},"absolute_dates":{"created":"Posted on 1 oktobra, 2018","modified":"Updated on 10 septembra, 2025"},"absolute_dates_time":{"created":"Posted on 1 oktobra, 2018 21:58","modified":"Updated on 10 septembra, 2025 6:24"},"featured_img_caption":"","featured_img":false,"series_order":"","publishpress_future_action":{"enabled":false,"date":"2026-05-11 13:18:52","action":"change-status","newStatus":"draft","terms":[],"taxonomy":"","extraData":[]},"publishpress_future_workflow_manual_trigger":{"enabledWorkflows":[]},"builder_content":"Dobrodo\u0161li na blogu Centra za krepitev zdravja Postojna! Tukaj objavljamo aktualne novice in nasvete za bolj\u0161e zdravje in dobro po\u010dutje.<br>Spremljajte na\u0161e objave za informacije o delavnicah, predavanjih in drugih aktivnostih, ki vam bodo pomagale na poti do bolj zdravega \u017eivljenja.<br>","_links":{"self":[{"href":"https:\/\/www.zd-po.si\/ckz\/wp-json\/wp\/v2\/pages\/131","targetHints":{"allow":["GET"]}}],"collection":[{"href":"https:\/\/www.zd-po.si\/ckz\/wp-json\/wp\/v2\/pages"}],"about":[{"href":"https:\/\/www.zd-po.si\/ckz\/wp-json\/wp\/v2\/types\/page"}],"author":[{"embeddable":true,"href":"https:\/\/www.zd-po.si\/ckz\/wp-json\/wp\/v2\/users\/1"}],"replies":[{"embeddable":true,"href":"https:\/\/www.zd-po.si\/ckz\/wp-json\/wp\/v2\/comments?post=131"}],"version-history":[{"count":17,"href":"https:\/\/www.zd-po.si\/ckz\/wp-json\/wp\/v2\/pages\/131\/revisions"}],"predecessor-version":[{"id":3577,"href":"https:\/\/www.zd-po.si\/ckz\/wp-json\/wp\/v2\/pages\/131\/revisions\/3577"}],"wp:attachment":[{"href":"https:\/\/www.zd-po.si\/ckz\/wp-json\/wp\/v2\/media?parent=131"}],"curies":[{"name":"wp","href":"https:\/\/api.w.org\/{rel}","templated":true}]}}