
{"id":209,"date":"2018-10-07T16:42:24","date_gmt":"2018-10-07T14:42:24","guid":{"rendered":"https:\/\/www.zd-po.si\/ckz\/?page_id=209"},"modified":"2025-07-14T14:40:04","modified_gmt":"2025-07-14T13:40:04","slug":"kontakt","status":"publish","type":"page","link":"https:\/\/www.zd-po.si\/ckz\/kontakt\/","title":{"rendered":"Kontakt"},"content":{"rendered":"<!--themify_builder_content-->\n<div id=\"themify_builder_content-209\" data-postid=\"209\" class=\"themify_builder_content themify_builder_content-209 themify_builder tf_clear\">\n                    <div  data-lazy=\"1\" class=\"module_row themify_builder_row tb_a77f990 tb_first tf_w\">\n                        <div class=\"row_inner col_align_top tb_col_count_2 tf_box tf_rel\">\n                        <div  data-lazy=\"1\" class=\"module_column tb-column col4-2 tb_25bfc92 first\">\n                    <!-- module box -->\n<div  class=\"module module-box tb_3e19160 \" data-lazy=\"1\">\n<h3 class=\"module-title\">Po\u0161ljite nam sporo\u010dilo<\/h3>    <div class=\"module-box-content ui  tb_default_color\">\n                <div class=\"tb_text_wrap\"><div class=\"wpforms-container wpforms-container-full\" id=\"wpforms-817\"><form id=\"wpforms-form-817\" class=\"wpforms-validate wpforms-form\" data-formid=\"817\" method=\"post\" enctype=\"multipart\/form-data\" action=\"\/ckz\/wp-json\/wp\/v2\/pages\/209\" data-token=\"87d6b822c09b8f569a01c2ed94e29ad7\" data-token-time=\"1777232021\"><noscript class=\"wpforms-error-noscript\">Please enable JavaScript in your browser to complete this form.<\/noscript><div class=\"wpforms-field-container\"><div id=\"wpforms-817-field_0-container\" class=\"wpforms-field wpforms-field-name\" data-field-id=\"0\"><label class=\"wpforms-field-label\" for=\"wpforms-817-field_0\">Ime <span class=\"wpforms-required-label\">*<\/span><\/label><input type=\"text\" id=\"wpforms-817-field_0\" class=\"wpforms-field-medium wpforms-field-required\" name=\"wpforms[fields][0]\" required><\/div><div id=\"wpforms-817-field_1-container\" class=\"wpforms-field wpforms-field-email\" data-field-id=\"1\"><label class=\"wpforms-field-label\" for=\"wpforms-817-field_1\">Email <span class=\"wpforms-required-label\">*<\/span><\/label><input type=\"email\" id=\"wpforms-817-field_1\" class=\"wpforms-field-medium wpforms-field-required\" name=\"wpforms[fields][1]\" spellcheck=\"false\" required><\/div><div id=\"wpforms-817-field_6-container\" class=\"wpforms-field wpforms-field-text\" data-field-id=\"6\"><label class=\"wpforms-field-label\" for=\"wpforms-817-field_6\">Telefonska \u0161tevilka<\/label><input type=\"text\" id=\"wpforms-817-field_6\" class=\"wpforms-field-medium\" name=\"wpforms[fields][6]\" ><\/div><div id=\"wpforms-817-field_2-container\" class=\"wpforms-field wpforms-field-textarea\" data-field-id=\"2\"><label class=\"wpforms-field-label\" for=\"wpforms-817-field_2\">Sporo\u010dilo <span class=\"wpforms-required-label\">*<\/span><\/label><textarea id=\"wpforms-817-field_2\" class=\"wpforms-field-medium wpforms-field-required\" name=\"wpforms[fields][2]\" required><\/textarea><\/div><div id=\"wpforms-817-field_5-container\" class=\"wpforms-field wpforms-field-checkbox\" data-field-id=\"5\"><label class=\"wpforms-field-label\">Varovanje osebnih podatkov <span class=\"wpforms-required-label\">*<\/span><\/label><ul id=\"wpforms-817-field_5\" class=\"wpforms-field-required\"><li class=\"choice-1 depth-1\"><input type=\"checkbox\" id=\"wpforms-817-field_5_1\" name=\"wpforms[fields][5][]\" value=\"S klikom na gumb &quot;Po\u0161lji&quot; dajem izrecno privolitev, da lahko ustanova ZD Postojna zgoraj vpisane osebne podatke obdeluje z namenom izvedbe delavnice ter me kontaktira v zvezi z delavnico preko telefona ali e-po\u0161te. Potrjujem tudi, da se strinjam s &lt;a target=&quot;_blank&quot; rel=&quot;noopener noreferrer&quot; href=&quot; https:\/\/www.zd-po.si\/politika-varovanja-osebnih-podatkov\/&quot; &gt;politiko varovanja osebnih podatkov. &lt;\/a&gt;\" required ><label class=\"wpforms-field-label-inline\" for=\"wpforms-817-field_5_1\">S klikom na gumb \"Po\u0161lji\" dajem izrecno privolitev, da lahko ustanova ZD Postojna zgoraj vpisane osebne podatke obdeluje z namenom izvedbe delavnice ter me kontaktira v zvezi z delavnico preko telefona ali e-po\u0161te. Potrjujem tudi, da se strinjam s <a target=\"_blank\" rel=\"noopener noreferrer\" href=\"https:\/\/www.zd-po.si\/politika-varovanja-osebnih-podatkov\/\">politiko varovanja osebnih podatkov. <\/a><\/label><\/li><\/ul><\/div><\/div><!-- .wpforms-field-container --><div class=\"wpforms-field wpforms-field-hp\"><label for=\"wpforms-817-field-hp\" class=\"wpforms-field-label\">Comment<\/label><input type=\"text\" name=\"wpforms[hp]\" id=\"wpforms-817-field-hp\" class=\"wpforms-field-medium\"><\/div><div class=\"wpforms-submit-container\" ><input type=\"hidden\" name=\"wpforms[id]\" value=\"817\"><input type=\"hidden\" name=\"page_title\" value=\"\"><input type=\"hidden\" name=\"page_url\" value=\"https:\/\/www.zd-po.si\/ckz\/wp-json\/wp\/v2\/pages\/209\"><input type=\"hidden\" name=\"url_referer\" value=\"\"><button type=\"submit\" name=\"wpforms[submit]\" id=\"wpforms-submit-817\" class=\"wpforms-submit\" data-alt-text=\"Po\u0161iljam...\" data-submit-text=\"Po\u0161lji\" aria-live=\"assertive\" value=\"wpforms-submit\">Po\u0161lji<\/button><\/div><\/form><\/div>  <!-- .wpforms-container --><\/div>\n    <\/div>\n<\/div>\n<!-- \/module box -->\n        <\/div>\n                    <div  data-lazy=\"1\" class=\"module_column tb-column col4-2 tb_66032c6 last\">\n                    <!-- module fancy heading -->\n<div  class=\"module module-fancy-heading tb_zdxi540 \" data-lazy=\"1\">\n        <h3 class=\"fancy-heading\">\n    <span class=\"main-head tf_block\">\n                    Naro\u010danje            <\/span>\n\n    \n    <span class=\"sub-head tf_block tf_rel\">\n                                <\/span>\n    <\/h3>\n<\/div>\n<!-- \/module fancy heading -->\n<!-- module text -->\n<div  class=\"module module-text tb_16b1710   \" data-lazy=\"1\">\n        <div  class=\"tb_text_wrap\">\n        <ul>\n<li>z uporabo kontaktnega obrazca<\/li>\n<li>telefonsko<\/li>\n<li>osebno v prostorih CKZ<\/li>\n<\/ul>    <\/div>\n<\/div>\n<!-- \/module text --><!-- module fancy heading -->\n<div  class=\"module module-fancy-heading tb_hgg0196 \" data-lazy=\"1\">\n        <h3 class=\"fancy-heading\">\n    <span class=\"main-head tf_block\">\n                    Telefon            <\/span>\n\n    \n    <span class=\"sub-head tf_block tf_rel\">\n                    Vzgoja za zdravje otrok in mladostnikov in vzgoja za ustno zdravje otrok in mladostnikov            <\/span>\n    <\/h3>\n<\/div>\n<!-- \/module fancy heading -->\n<!-- module icon -->\n<div  class=\"module module-icon tb_c0xb75    icon_horizontal \" data-lazy=\"1\">\n\t\t\t<div class=\"module-icon-item\">\n\t\t\t\t\t\t\t\t\t\t\t\t\t\t\t\t<em class=\"tf_box\"\n\t\t\t\t\t\t\t\t\t\t\t\t style=\"background-color:#4d7de1;color:#edf3ff\"\t\t\t\t\t><svg  class=\"tf_fa tf-fas-phone-alt\" xmlns:xlink=\"http:\/\/www.w3.org\/1999\/xlink\" aria-hidden=\"true\"><use href=\"#tf-fas-phone-alt\" xlink:href=\"#tf-fas-phone-alt\"><\/use><\/svg><\/em>\n\t\t\t\t\t\t\t\t\t\t\t\t\t\t\t\t\t\t\t<span>05 700 04 33<\/span>\n\t\t\t\t\t\t\t\t\t\t\t\t\t\t\t<\/div>\n\t<\/div>\n<!-- \/module icon -->\n<!-- module fancy heading -->\n<div  class=\"module module-fancy-heading tb_044s930 \" data-lazy=\"1\">\n        <h3 class=\"fancy-heading\">\n    <span class=\"main-head tf_block\">\n                                <\/span>\n\n    \n    <span class=\"sub-head tf_block tf_rel\">\n                    Psihologinja            <\/span>\n    <\/h3>\n<\/div>\n<!-- \/module fancy heading -->\n<!-- module icon -->\n<div  class=\"module module-icon tb_xage408    icon_horizontal \" data-lazy=\"1\">\n\t\t\t<div class=\"module-icon-item\">\n\t\t\t\t\t\t\t\t\t\t\t\t\t\t\t\t<em class=\"tf_box\"\n\t\t\t\t\t\t\t\t\t\t\t\t style=\"background-color:#4d7de1;color:#edf3ff\"\t\t\t\t\t><svg  class=\"tf_fa tf-fas-phone-alt\" xmlns:xlink=\"http:\/\/www.w3.org\/1999\/xlink\" aria-hidden=\"true\"><use href=\"#tf-fas-phone-alt\" xlink:href=\"#tf-fas-phone-alt\"><\/use><\/svg><\/em>\n\t\t\t\t\t\t\t\t\t\t\t\t\t\t\t\t\t\t\t<span>041 448 125<\/span>\n\t\t\t\t\t\t\t\t\t\t\t\t\t\t\t<\/div>\n\t<\/div>\n<!-- \/module icon -->\n<!-- module fancy heading -->\n<div  class=\"module module-fancy-heading tb_j4mw116 \" data-lazy=\"1\">\n        <h3 class=\"fancy-heading\">\n    <span class=\"main-head tf_block\">\n                                <\/span>\n\n    \n    <span class=\"sub-head tf_block tf_rel\">\n                    Ostale dejavnosti            <\/span>\n    <\/h3>\n<\/div>\n<!-- \/module fancy heading -->\n<!-- module icon -->\n<div  class=\"module module-icon tb_utn6433    icon_horizontal \" data-lazy=\"1\">\n\t\t\t<div class=\"module-icon-item\">\n\t\t\t\t\t\t\t\t\t\t\t\t\t\t\t\t<em class=\"tf_box\"\n\t\t\t\t\t\t\t\t\t\t\t\t style=\"background-color:#4d7de1;color:#edf3ff\"\t\t\t\t\t><svg  class=\"tf_fa tf-fas-phone-alt\" xmlns:xlink=\"http:\/\/www.w3.org\/1999\/xlink\" aria-hidden=\"true\"><use href=\"#tf-fas-phone-alt\" xlink:href=\"#tf-fas-phone-alt\"><\/use><\/svg><\/em>\n\t\t\t\t\t\t\t\t\t\t\t\t\t\t\t\t\t\t\t<span>05 700 04 32<\/span>\n\t\t\t\t\t\t\t\t\t\t\t\t\t\t\t<\/div>\n\t<\/div>\n<!-- \/module icon -->\n<!-- module icon -->\n<div  class=\"module module-icon tb_k8er598    icon_horizontal \" data-lazy=\"1\">\n\t\t\t<div class=\"module-icon-item\">\n\t\t\t\t\t\t\t\t\t\t\t\t\t\t\t\t<em class=\"tf_box\"\n\t\t\t\t\t\t\t\t\t\t\t\t style=\"background-color:#4d7de1;color:#edf3ff\"\t\t\t\t\t><svg  class=\"tf_fa tf-fas-phone-alt\" xmlns:xlink=\"http:\/\/www.w3.org\/1999\/xlink\" aria-hidden=\"true\"><use href=\"#tf-fas-phone-alt\" xlink:href=\"#tf-fas-phone-alt\"><\/use><\/svg><\/em>\n\t\t\t\t\t\t\t\t\t\t\t\t\t\t\t\t\t\t\t<span>031 363 448<\/span>\n\t\t\t\t\t\t\t\t\t\t\t\t\t\t\t<\/div>\n\t<\/div>\n<!-- \/module icon -->\n<!-- module fancy heading -->\n<div  class=\"module module-fancy-heading tb_j9vs970 \" data-lazy=\"1\">\n        <h3 class=\"fancy-heading\">\n    <span class=\"main-head tf_block\">\n                    Naslov            <\/span>\n\n    \n    <span class=\"sub-head tf_block tf_rel\">\n                                <\/span>\n    <\/h3>\n<\/div>\n<!-- \/module fancy heading -->\n<!-- module text -->\n<div  class=\"module module-text tb_4tgv408   \" data-lazy=\"1\">\n        <div  class=\"tb_text_wrap\">\n        <div>Zdravstveni dom dr. Franca Ambro\u017ei\u010da,\u00a0<br \/>Center za krepitev zdravja,<br \/>Pre\u010dna ulica 2,<br \/>6230 Postojna<\/div>\n<div>\u00a0<\/div>\n<div><img loading=\"lazy\" decoding=\"async\" class=\"alignnone size-full wp-image-2383\" src=\"https:\/\/www.zd-po.si\/ckz\/wp-content\/uploads\/2022\/10\/ZdpLogoNov.png\" alt=\"\" width=\"249\" height=\"108\" \/><\/div>\n<div>\u00a0<\/div>    <\/div>\n<\/div>\n<!-- \/module text -->        <\/div>\n                        <\/div>\n        <\/div>\n        <\/div>\n<!--\/themify_builder_content-->","protected":false},"excerpt":{"rendered":"<p>Po\u0161ljite nam sporo\u010dilo Naro\u010danje z uporabo kontaktnega obrazca telefonsko osebno v prostorih CKZ TelefonVzgoja za ustno zdravje, Zdravstvena vzgoja, Psihologinja 05 700 04 33 Psihologinja 041 448 125 Ostale dejavnosti 05 700 04 32 031 363 448 Naslov Zdravstveni dom dr. Franca Ambro\u017ei\u010da,\u00a0Center za krepitev zdravja,Pre\u010dna ulica 2,6230 Postojna \u00a0 \u00a0<\/p>\n","protected":false},"author":1,"featured_media":0,"parent":0,"menu_order":0,"comment_status":"closed","ping_status":"closed","template":"","meta":{"advgb_blocks_editor_width":"","advgb_blocks_columns_visual_guide":"","footnotes":""},"class_list":["post-209","page","type-page","status-publish","hentry","has-post-title","has-post-date","has-post-category","has-post-tag","has-post-comment","has-post-author",""],"coauthors":[],"author_meta":{"author_link":"https:\/\/www.zd-po.si\/ckz\/author\/siteadmin\/","display_name":"SiteAdmin"},"relative_dates":{"created":"Posted 8 let ago","modified":"Updated 10 mesecev ago"},"absolute_dates":{"created":"Posted on 7 oktobra, 2018","modified":"Updated on 14 julija, 2025"},"absolute_dates_time":{"created":"Posted on 7 oktobra, 2018 16:42","modified":"Updated on 14 julija, 2025 14:40"},"featured_img_caption":"","featured_img":false,"series_order":"","publishpress_future_action":{"enabled":false,"date":"2026-05-03 20:33:41","action":"change-status","newStatus":"draft","terms":[],"taxonomy":"","extraData":[]},"publishpress_future_workflow_manual_trigger":{"enabledWorkflows":[]},"builder_content":"<h3>Po\u0161ljite nam sporo\u010dilo<\/h3> <p>[wpforms id=\"817\" title=\"false\" description=\"false\"]<\/p>\n<h3>Naro\u010danje<br\/><\/h3>\n<ul> <li>z uporabo kontaktnega obrazca<\/li> <li>telefonsko<\/li> <li>osebno v prostorih CKZ<\/li> <\/ul>\n<h3>Telefon<br\/>Vzgoja za zdravje otrok in mladostnikov in vzgoja za ustno zdravje otrok in mladostnikov<\/h3>\n<em style=\"background-color:#4d7de1;color:#edf3ff\" ><svg xmlns:xlink=\"http:\/\/www.w3.org\/1999\/xlink\" aria-hidden=\"true\"><use href=\"#tf-fas-phone-alt\" xlink:href=\"#tf-fas-phone-alt\"><\/use><\/svg><\/em> 05 700 04 33\n<h3><br\/>Psihologinja<\/h3>\n<em style=\"background-color:#4d7de1;color:#edf3ff\" ><svg xmlns:xlink=\"http:\/\/www.w3.org\/1999\/xlink\" aria-hidden=\"true\"><use href=\"#tf-fas-phone-alt\" xlink:href=\"#tf-fas-phone-alt\"><\/use><\/svg><\/em> 041 448 125\n<h3><br\/>Ostale dejavnosti<\/h3>\n<em style=\"background-color:#4d7de1;color:#edf3ff\" ><svg xmlns:xlink=\"http:\/\/www.w3.org\/1999\/xlink\" aria-hidden=\"true\"><use href=\"#tf-fas-phone-alt\" xlink:href=\"#tf-fas-phone-alt\"><\/use><\/svg><\/em> 05 700 04 32\n<em style=\"background-color:#4d7de1;color:#edf3ff\" ><svg xmlns:xlink=\"http:\/\/www.w3.org\/1999\/xlink\" aria-hidden=\"true\"><use href=\"#tf-fas-phone-alt\" xlink:href=\"#tf-fas-phone-alt\"><\/use><\/svg><\/em> 031 363 448\n<h3>Naslov<br\/><\/h3>\nZdravstveni dom dr. Franca Ambro\u017ei\u010da,\u00a0<br \/>Center za krepitev zdravja,<br \/>Pre\u010dna ulica 2,<br \/>6230 Postojna \u00a0 <img loading=\"lazy\" decoding=\"async\" src=\"https:\/\/www.zd-po.si\/ckz\/wp-content\/uploads\/2022\/10\/ZdpLogoNov.png\" alt=\"\" width=\"249\" height=\"108\" \/> \u00a0","_links":{"self":[{"href":"https:\/\/www.zd-po.si\/ckz\/wp-json\/wp\/v2\/pages\/209","targetHints":{"allow":["GET"]}}],"collection":[{"href":"https:\/\/www.zd-po.si\/ckz\/wp-json\/wp\/v2\/pages"}],"about":[{"href":"https:\/\/www.zd-po.si\/ckz\/wp-json\/wp\/v2\/types\/page"}],"author":[{"embeddable":true,"href":"https:\/\/www.zd-po.si\/ckz\/wp-json\/wp\/v2\/users\/1"}],"replies":[{"embeddable":true,"href":"https:\/\/www.zd-po.si\/ckz\/wp-json\/wp\/v2\/comments?post=209"}],"version-history":[{"count":69,"href":"https:\/\/www.zd-po.si\/ckz\/wp-json\/wp\/v2\/pages\/209\/revisions"}],"predecessor-version":[{"id":3544,"href":"https:\/\/www.zd-po.si\/ckz\/wp-json\/wp\/v2\/pages\/209\/revisions\/3544"}],"wp:attachment":[{"href":"https:\/\/www.zd-po.si\/ckz\/wp-json\/wp\/v2\/media?parent=209"}],"curies":[{"name":"wp","href":"https:\/\/api.w.org\/{rel}","templated":true}]}}