
{"id":2491,"date":"2022-10-18T12:47:35","date_gmt":"2022-10-18T11:47:35","guid":{"rendered":"https:\/\/www.zd-po.si\/ckz\/?page_id=2491"},"modified":"2025-01-16T13:22:20","modified_gmt":"2025-01-16T12:22:20","slug":"mateja-kragelj","status":"publish","type":"page","link":"https:\/\/www.zd-po.si\/ckz\/mateja-kragelj\/","title":{"rendered":"Mateja Kragelj"},"content":{"rendered":"<!--themify_builder_content-->\n<div id=\"themify_builder_content-2491\" data-postid=\"2491\" class=\"themify_builder_content themify_builder_content-2491 themify_builder tf_clear\">\n                    <div  data-anchor=\"welcome\" data-css_id=\"9a2343b\" data-lazy=\"1\" class=\"module_row themify_builder_row fullwidth tb_has_section tb_section-welcome tb_9a2343b tb_first tf_w\">\n            <span  class=\"builder_row_cover tf_abs\" data-lazy=\"1\"><\/span><span class=\"tb_row_frame_wrap tf_overflow tf_abs\" data-lazy=\"1\"><span class=\"tb_row_frame tb_row_frame_top  tf_abs tf_hide tf_overflow tf_w\"><\/span><\/span>            <div class=\"row_inner col_align_top tb_col_count_1 tf_box tf_rel\">\n                        <div  data-lazy=\"1\" class=\"module_column tb-column col-full tb_6f092a5 first\">\n                    <!-- module image -->\n<div  class=\"module module-image tb_26bc9df image-center drop-shadow bordered circle  tf_mw wow\" data-tf-animation=\"bounceIn\" data-lazy=\"1\">\n        <div class=\"image-wrap tf_rel tf_mw\">\n            <img loading=\"lazy\" decoding=\"async\" src=\"https:\/\/www.zd-po.si\/ckz\/wp-content\/uploads\/2024\/09\/Mateja_profilka-768x1024-300x400.jpg\" width=\"300\" height=\"400\" class=\"wp-post-image wp-image-3145\" title=\"Mateja_profilka\" alt=\"Mateja_profilka\" srcset=\"https:\/\/www.zd-po.si\/ckz\/wp-content\/uploads\/2024\/09\/Mateja_profilka-768x1024-300x400.jpg 300w, https:\/\/www.zd-po.si\/ckz\/wp-content\/uploads\/2024\/09\/Mateja_profilka-225x300.jpg 225w, https:\/\/www.zd-po.si\/ckz\/wp-content\/uploads\/2024\/09\/Mateja_profilka-768x1024.jpg 768w, https:\/\/www.zd-po.si\/ckz\/wp-content\/uploads\/2024\/09\/Mateja_profilka-1152x1536.jpg 1152w, https:\/\/www.zd-po.si\/ckz\/wp-content\/uploads\/2024\/09\/Mateja_profilka-1536x2048.jpg 1536w, https:\/\/www.zd-po.si\/ckz\/wp-content\/uploads\/2024\/09\/Mateja_profilka-scaled.jpg 1920w\" sizes=\"auto, (max-width: 300px) 100vw, 300px\" \/>    \n        <\/div>\n    <!-- \/image-wrap -->\n    \n        <\/div>\n<!-- \/module image --><!-- module text -->\n<div  class=\"module module-text tb_0d9f55b    wow\" data-tf-animation=\"bounceInDown\" data-lazy=\"1\">\n        <div  class=\"tb_text_wrap\">\n        <h2>Mateja Kragelj, dipl. kineziolog<\/h2>    <\/div>\n<\/div>\n<!-- \/module text -->        <\/div>\n                        <\/div>\n        <\/div>\n                        <div  data-css_id=\"ed681d7\" data-lazy=\"1\" class=\"module_row themify_builder_row fullheight fullwidth tb_ed681d7 tf_w\">\n                        <div class=\"row_inner col_align_middle gutter-none tb_col_count_2 tf_box tf_rel\">\n                        <div  data-lazy=\"1\" class=\"module_column tb-column col4-2 tb_85f3081 first\">\n        <span  class=\"builder_row_cover tf_abs\" data-lazy=\"1\"><\/span>            <!-- module text -->\n<div  class=\"module module-text tb_af8e9ed   \" data-lazy=\"1\">\n        <div  class=\"tb_text_wrap\">\n        <h2>Podro\u010dje dela:<\/h2>\n<p>V Centru za krepitev zdravja Postojna je zaposlena diplomantka kineziologije MATEJA KRAGELJ, ki v okviru programa Krepitev zdravja za odrasle, izvaja podporo pri oblikovanju zdravih gibalnih navad. Nau\u010dili se boste izbrati primerno telesno dejavnost, ki bo pozitivno vplivala na va\u0161e \u017eivljenje. Dele\u017eni boste motivacije, da bo gibanje postalo del va\u0161ega vsakdana.\u00a0<span style=\"font-size: 1em;\">\u00a0<\/span><\/p>\n<p><span style=\"font-size: 1em;\">Kineziologinja sodeluje pri naslednjih aktivnostih:<\/span><\/p>\n<ul>\n<li>Individualna svetovanja za krepitev zdravja s podro\u010dja gibanja<\/li>\n<li>Aktivnosti krepitve zdravja in zmanj\u0161evanja neenakosti v zdravju v lokalni skupnosti<\/li>\n<li>Sodeluje v delavnicah: GIBAM SE in ALI SEM FIT<\/li>\n<li>Izvaja PRESEJANJE ZA FUNKCIJSKO MANJZMO\u017dNOST in sodeluje pri TESTU TELESNE PRIPRAVLJENOSTI ZA ODRASLE\/STAREJ\u0160E\u00a0<\/li>\n<li>Izvaja program VARNA VADBA V NOSE\u010cNOSTI in DRU\u017dINSKA OBRAVNAVA ZA ZDRAV \u017dIVLJENJSKI SLOG<\/li>\n<\/ul>    <\/div>\n<\/div>\n<!-- \/module text -->        <\/div>\n                    <div  data-lazy=\"1\" class=\"module_column tb-column col4-2 tb_c3bc421 last\">\n        <span  class=\"builder_row_cover tf_abs\" data-lazy=\"1\"><\/span>            <!-- module text -->\n<div  class=\"module module-text tb_e5d8dd5   \" data-lazy=\"1\">\n        <div  class=\"tb_text_wrap\">\n        <h2>Po\u0161ljite sporo\u010dilo<\/h2>\n<div class=\"wpforms-container wpforms-container-full\" id=\"wpforms-3398\"><form id=\"wpforms-form-3398\" class=\"wpforms-validate wpforms-form\" data-formid=\"3398\" method=\"post\" enctype=\"multipart\/form-data\" action=\"\/ckz\/wp-json\/wp\/v2\/pages\/2491\" data-token=\"7833b40b0dcaa9b81da3225340aa68be\" data-token-time=\"1777540557\"><noscript class=\"wpforms-error-noscript\">Please enable JavaScript in your browser to complete this form.<\/noscript><div class=\"wpforms-field-container\"><div id=\"wpforms-3398-field_0-container\" class=\"wpforms-field wpforms-field-name\" data-field-id=\"0\"><label class=\"wpforms-field-label\" for=\"wpforms-3398-field_0\">Ime <span class=\"wpforms-required-label\">*<\/span><\/label><input type=\"text\" id=\"wpforms-3398-field_0\" class=\"wpforms-field-medium wpforms-field-required\" name=\"wpforms[fields][0]\" required><\/div><div id=\"wpforms-3398-field_1-container\" class=\"wpforms-field wpforms-field-email\" data-field-id=\"1\"><label class=\"wpforms-field-label\" for=\"wpforms-3398-field_1\">Email <span class=\"wpforms-required-label\">*<\/span><\/label><input type=\"email\" id=\"wpforms-3398-field_1\" class=\"wpforms-field-medium wpforms-field-required\" name=\"wpforms[fields][1]\" spellcheck=\"false\" required><\/div><div id=\"wpforms-3398-field_5-container\" class=\"wpforms-field wpforms-field-text\" data-field-id=\"5\"><label class=\"wpforms-field-label\" for=\"wpforms-3398-field_5\">Telefonska \u0161tevilka <span class=\"wpforms-required-label\">*<\/span><\/label><input type=\"text\" id=\"wpforms-3398-field_5\" class=\"wpforms-field-medium wpforms-field-required\" name=\"wpforms[fields][5]\" required><\/div><div id=\"wpforms-3398-field_2-container\" class=\"wpforms-field wpforms-field-textarea\" data-field-id=\"2\"><label class=\"wpforms-field-label\" for=\"wpforms-3398-field_2\">Sporo\u010dilo <span class=\"wpforms-required-label\">*<\/span><\/label><textarea id=\"wpforms-3398-field_2\" class=\"wpforms-field-medium wpforms-field-required\" name=\"wpforms[fields][2]\" required><\/textarea><\/div><div id=\"wpforms-3398-field_4-container\" class=\"wpforms-field wpforms-field-checkbox\" data-field-id=\"4\"><label class=\"wpforms-field-label\">Varovanje osebnih podatkov <span class=\"wpforms-required-label\">*<\/span><\/label><ul id=\"wpforms-3398-field_4\" class=\"wpforms-field-required\"><li class=\"choice-1 depth-1\"><input type=\"checkbox\" id=\"wpforms-3398-field_4_1\" name=\"wpforms[fields][4][]\" value=\"S klikom na gumb &quot;Po\u0161lji&quot; dajem izrecno privolitev, da lahko ustanova ZD Postojna zgoraj vpisane osebne podatke obdeluje z namenom izvedbe delavnice ter me kontaktira v zvezi z delavnico preko telefona ali e-po\u0161te. Potrjujem tudi, da se strinjam s &lt;a target=&quot;_blank&quot; rel=&quot;noopener noreferrer&quot; href=&quot; https:\/\/www.zd-po.si\/politika-varovanja-osebnih-podatkov\/&quot; &gt;politiko varovanja osebnih podatkov. &lt;\/a&gt;\" required ><label class=\"wpforms-field-label-inline\" for=\"wpforms-3398-field_4_1\">S klikom na gumb \"Po\u0161lji\" dajem izrecno privolitev, da lahko ustanova ZD Postojna zgoraj vpisane osebne podatke obdeluje z namenom izvedbe delavnice ter me kontaktira v zvezi z delavnico preko telefona ali e-po\u0161te. Potrjujem tudi, da se strinjam s <a target=\"_blank\" rel=\"noopener noreferrer\" href=\"https:\/\/www.zd-po.si\/politika-varovanja-osebnih-podatkov\/\">politiko varovanja osebnih podatkov. <\/a><\/label><\/li><\/ul><\/div><\/div><!-- .wpforms-field-container --><div class=\"wpforms-field wpforms-field-hp\"><label for=\"wpforms-3398-field-hp\" class=\"wpforms-field-label\">Name<\/label><input type=\"text\" name=\"wpforms[hp]\" id=\"wpforms-3398-field-hp\" class=\"wpforms-field-medium\"><\/div><div class=\"wpforms-submit-container\" ><input type=\"hidden\" name=\"wpforms[id]\" value=\"3398\"><input type=\"hidden\" name=\"page_title\" value=\"\"><input type=\"hidden\" name=\"page_url\" value=\"https:\/\/www.zd-po.si\/ckz\/wp-json\/wp\/v2\/pages\/2491\"><input type=\"hidden\" name=\"url_referer\" value=\"\"><button type=\"submit\" name=\"wpforms[submit]\" id=\"wpforms-submit-3398\" class=\"wpforms-submit\" data-alt-text=\"Po\u0161iljam...\" data-submit-text=\"Po\u0161lji\" aria-live=\"assertive\" value=\"wpforms-submit\">Po\u0161lji<\/button><\/div><\/form><\/div>  <!-- .wpforms-container -->    <\/div>\n<\/div>\n<!-- \/module text -->        <\/div>\n                        <\/div>\n        <\/div>\n                        <div  data-lazy=\"1\" class=\"module_row themify_builder_row tb_2e1de60 tf_w\">\n                        <div class=\"row_inner col_align_top tb_col_count_1 tf_box tf_rel\">\n                        <div  data-lazy=\"1\" class=\"module_column tb-column col-full tb_b1ad96a first\">\n                    <!-- module fancy heading -->\n<div  class=\"module module-fancy-heading tb_68058a9 \" data-lazy=\"1\">\n        <h3 class=\"fancy-heading tf_textc\">\n    <span class=\"main-head tf_block\">\n                                <\/span>\n\n    \n    <span class=\"sub-head tf_block tf_rel\">\n                    Delavnice v katerih sodeluje            <\/span>\n    <\/h3>\n<\/div>\n<!-- \/module fancy heading -->\n        <\/div>\n                        <\/div>\n        <\/div>\n        <\/div>\n<!--\/themify_builder_content-->","protected":false},"excerpt":{"rendered":"<p>Mateja Kragelj, dipl. kineziolog<\/p>\n","protected":false},"author":1,"featured_media":0,"parent":0,"menu_order":0,"comment_status":"closed","ping_status":"closed","template":"","meta":{"advgb_blocks_editor_width":"","advgb_blocks_columns_visual_guide":"","footnotes":""},"class_list":["post-2491","page","type-page","status-publish","hentry","has-post-title","has-post-date","has-post-category","has-post-tag","has-post-comment","has-post-author",""],"coauthors":[],"author_meta":{"author_link":"https:\/\/www.zd-po.si\/ckz\/author\/siteadmin\/","display_name":"SiteAdmin"},"relative_dates":{"created":"Posted 4 leta ago","modified":"Updated 1 leto ago"},"absolute_dates":{"created":"Posted on 18 oktobra, 2022","modified":"Updated on 16 januarja, 2025"},"absolute_dates_time":{"created":"Posted on 18 oktobra, 2022 12:47","modified":"Updated on 16 januarja, 2025 13:22"},"featured_img_caption":"","featured_img":false,"series_order":"","publishpress_future_action":{"enabled":false,"date":"2026-05-07 10:15:57","action":"change-status","newStatus":"draft","terms":[],"taxonomy":"","extraData":[]},"publishpress_future_workflow_manual_trigger":{"enabledWorkflows":[]},"builder_content":"<img src=\"https:\/\/www.zd-po.si\/ckz\/wp-content\/uploads\/2024\/09\/Mateja_profilka-768x1024-300x400.jpg\" width=\"300\" height=\"400\" title=\"Mateja_profilka\" alt=\"Mateja_profilka\" srcset=\"https:\/\/www.zd-po.si\/ckz\/wp-content\/uploads\/2024\/09\/Mateja_profilka-768x1024-300x400.jpg 300w, https:\/\/www.zd-po.si\/ckz\/wp-content\/uploads\/2024\/09\/Mateja_profilka-225x300.jpg 225w, https:\/\/www.zd-po.si\/ckz\/wp-content\/uploads\/2024\/09\/Mateja_profilka-768x1024.jpg 768w, https:\/\/www.zd-po.si\/ckz\/wp-content\/uploads\/2024\/09\/Mateja_profilka-1152x1536.jpg 1152w, https:\/\/www.zd-po.si\/ckz\/wp-content\/uploads\/2024\/09\/Mateja_profilka-1536x2048.jpg 1536w, https:\/\/www.zd-po.si\/ckz\/wp-content\/uploads\/2024\/09\/Mateja_profilka-scaled.jpg 1920w\" sizes=\"(max-width: 300px) 100vw, 300px\" \/>\n<h2>Mateja Kragelj, dipl. kineziolog<\/h2>\n<h2>Podro\u010dje dela:<\/h2> <p>V Centru za krepitev zdravja Postojna je zaposlena diplomantka kineziologije MATEJA KRAGELJ, ki v okviru programa Krepitev zdravja za odrasle, izvaja podporo pri oblikovanju zdravih gibalnih navad. Nau\u010dili se boste izbrati primerno telesno dejavnost, ki bo pozitivno vplivala na va\u0161e \u017eivljenje. Dele\u017eni boste motivacije, da bo gibanje postalo del va\u0161ega vsakdana.\u00a0\u00a0<\/p> <p>Kineziologinja sodeluje pri naslednjih aktivnostih:<\/p> <ul> <li>Individualna svetovanja za krepitev zdravja s podro\u010dja gibanja<\/li> <li>Aktivnosti krepitve zdravja in zmanj\u0161evanja neenakosti v zdravju v lokalni skupnosti<\/li> <li>Sodeluje v delavnicah: GIBAM SE in ALI SEM FIT<\/li> <li>Izvaja PRESEJANJE ZA FUNKCIJSKO MANJZMO\u017dNOST in sodeluje pri TESTU TELESNE PRIPRAVLJENOSTI ZA ODRASLE\/STAREJ\u0160E\u00a0<\/li> <li>Izvaja program VARNA VADBA V NOSE\u010cNOSTI in DRU\u017dINSKA OBRAVNAVA ZA ZDRAV \u017dIVLJENJSKI SLOG<\/li> <\/ul>\n<h2>Po\u0161ljite sporo\u010dilo<\/h2> <p>[wpforms id=\"3398\" title=\"false\" description=\"false\"]<\/p>\n<h3><br\/>Delavnice v katerih sodeluje<\/h3>","_links":{"self":[{"href":"https:\/\/www.zd-po.si\/ckz\/wp-json\/wp\/v2\/pages\/2491","targetHints":{"allow":["GET"]}}],"collection":[{"href":"https:\/\/www.zd-po.si\/ckz\/wp-json\/wp\/v2\/pages"}],"about":[{"href":"https:\/\/www.zd-po.si\/ckz\/wp-json\/wp\/v2\/types\/page"}],"author":[{"embeddable":true,"href":"https:\/\/www.zd-po.si\/ckz\/wp-json\/wp\/v2\/users\/1"}],"replies":[{"embeddable":true,"href":"https:\/\/www.zd-po.si\/ckz\/wp-json\/wp\/v2\/comments?post=2491"}],"version-history":[{"count":16,"href":"https:\/\/www.zd-po.si\/ckz\/wp-json\/wp\/v2\/pages\/2491\/revisions"}],"predecessor-version":[{"id":3416,"href":"https:\/\/www.zd-po.si\/ckz\/wp-json\/wp\/v2\/pages\/2491\/revisions\/3416"}],"wp:attachment":[{"href":"https:\/\/www.zd-po.si\/ckz\/wp-json\/wp\/v2\/media?parent=2491"}],"curies":[{"name":"wp","href":"https:\/\/api.w.org\/{rel}","templated":true}]}}