
{"id":2505,"date":"2022-10-18T13:04:38","date_gmt":"2022-10-18T12:04:38","guid":{"rendered":"https:\/\/www.zd-po.si\/ckz\/?page_id=2505"},"modified":"2023-10-06T07:33:07","modified_gmt":"2023-10-06T06:33:07","slug":"marija-bergoc","status":"publish","type":"page","link":"https:\/\/www.zd-po.si\/ckz\/marija-bergoc\/","title":{"rendered":"Marija Bergo\u010d"},"content":{"rendered":"<!--themify_builder_content-->\n<div id=\"themify_builder_content-2505\" data-postid=\"2505\" class=\"themify_builder_content themify_builder_content-2505 themify_builder tf_clear\">\n                    <div  data-parallax-bg=\"desktop\" data-anchor=\"welcome\" data-css_id=\"9a2343b\" data-lazy=\"1\" class=\"module_row themify_builder_row fullwidth tb_has_section tb_section-welcome tb_9a2343b tb_first tf_w\">\n            <span  class=\"builder_row_cover tf_abs\" data-lazy=\"1\"><\/span><span class=\"tb_row_frame_wrap tf_overflow tf_abs\" data-lazy=\"1\"><span class=\"tb_row_frame tb_row_frame_top  tf_abs tf_hide tf_overflow tf_w\"><\/span><\/span>            <div class=\"row_inner col_align_top tb_col_count_1 tf_box tf_rel\">\n                        <div  data-lazy=\"1\" class=\"module_column tb-column col-full tb_6f092a5 first\">\n                    <!-- module image -->\n<div  class=\"module module-image tb_26bc9df image-center drop-shadow bordered circle  tf_mw wow\" data-tf-animation=\"bounceIn\" data-lazy=\"1\">\n        <div class=\"image-wrap tf_rel tf_mw\">\n            <img loading=\"lazy\" decoding=\"async\" src=\"https:\/\/www.zd-po.si\/ckz\/wp-content\/uploads\/2018\/11\/marija-bergoc-300x300.jpg\" width=\"300\" height=\"300\" class=\"wp-post-image wp-image-705\" title=\"marija bergoc\" alt=\"marija bergoc\" srcset=\"https:\/\/www.zd-po.si\/ckz\/wp-content\/uploads\/2018\/11\/marija-bergoc.jpg 300w, https:\/\/www.zd-po.si\/ckz\/wp-content\/uploads\/2018\/11\/marija-bergoc-150x150.jpg 150w, https:\/\/www.zd-po.si\/ckz\/wp-content\/uploads\/2018\/11\/marija-bergoc-290x290.jpg 290w\" sizes=\"auto, (max-width: 300px) 100vw, 300px\" \/>    \n        <\/div>\n    <!-- \/image-wrap -->\n    \n        <\/div>\n<!-- \/module image --><!-- module text -->\n<div  class=\"module module-text tb_0d9f55b  repeat  wow\" data-tf-animation=\"bounceInDown\" data-lazy=\"1\">\n        <div  class=\"tb_text_wrap\">\n        <h2>Marija Bergo\u010d, dipl.m.s.<\/h2>    <\/div>\n<\/div>\n<!-- \/module text -->        <\/div>\n                        <\/div>\n        <\/div>\n                        <div  data-css_id=\"ed681d7\" data-lazy=\"1\" class=\"module_row themify_builder_row fullheight fullwidth tb_ed681d7 tf_w\">\n                        <div class=\"row_inner gutter-none col_align_middle tb_col_count_2 tf_box tf_rel\">\n                        <div  data-lazy=\"1\" class=\"module_column tb-column col4-2 tb_85f3081 first\">\n        <span  class=\"builder_row_cover tf_abs\" data-lazy=\"1\"><\/span>            <!-- module text -->\n<div  class=\"module module-text tb_af8e9ed  repeat \" data-lazy=\"1\">\n        <div  class=\"tb_text_wrap\">\n        <h2>Podro\u010dje dela:<\/h2>\n<p>Diplomirana medicinska sestra Marija Bergo\u010d, v okviru programa Krepitev zdravja za odrasle, izvaja in sodeluje pri naslednjih aktivnostih:<\/p>\n<ul>\n<li>Individualni posveti za krepitev zdravja (dodatno meritve krvnega tlaka, analiza telesne sestave \u2026)<\/li>\n<li>Aktivnosti krepitve zdravja in zmanj\u0161evanja neenakosti v zdravju v lokalni skupnosti<\/li>\n<li>Je kontaktna oseba SVIT-ove podpore v ZD Postojna<\/li>\n<\/ul>\n<p><strong>Skupinske delavnice:<\/strong><\/p>\n<ul>\n<li>Zdravo \u017eivim<\/li>\n<li>Zvi\u0161an krvni sladkor<\/li>\n<li>Sladkorna bolezen tipa 2<\/li>\n<li>S sladkorno boleznijo skozi \u017eivljenje<\/li>\n<li>Tehnike spro\u0161\u010danja<\/li>\n<li>Svetovanje za opu\u0161\u010danje kajenja (skupinsko)<\/li>\n<\/ul>\n<p><strong>Individualni programi oz. delavnice:<\/strong><\/p>\n<ul>\n<li>Svetovanje za opu\u0161\u010danje kajenja (individualno)<\/li>\n<li>Svetovanje za opu\u0161\u010danje tveganega\/\u0161kodljivega pitja alkohola<\/li>\n<li>Svetovanje za opu\u0161\u010danje tveganega\/\u0161kodljivega pitja alkohola \u2013 vzdr\u017eevalni del<\/li>\n<\/ul>\n<p>\u00a0<\/p>\n<p><strong>Druge dejavnosti izven programa Centra za krepitev zdravja:<\/strong><\/p>\n<p>Marija Bergo\u010d je tudi poobla\u0161\u010dena oseba za opredelitev o darovanju delov \u010dlove\u0161kega telesa zaradi zdravljenja. Ve\u010d na povezavi: <a href=\"https:\/\/www.zd-po.si\/opredelitev-o-darovanju-organov\">https:\/\/www.zd-po.si\/opredelitev-o-darovanju-organov\/<\/a><\/p>    <\/div>\n<\/div>\n<!-- \/module text -->        <\/div>\n                    <div  data-lazy=\"1\" class=\"module_column tb-column col4-2 tb_c3bc421 last\">\n        <span  class=\"builder_row_cover tf_abs\" data-lazy=\"1\"><\/span>            <!-- module text -->\n<div  class=\"module module-text tb_e5d8dd5  repeat \" data-lazy=\"1\">\n        <div  class=\"tb_text_wrap\">\n        <h2>Po\u0161ljite sporo\u010dilo<\/h2>\n<div class=\"wpforms-container wpforms-container-full\" id=\"wpforms-2511\"><form id=\"wpforms-form-2511\" class=\"wpforms-validate wpforms-form\" data-formid=\"2511\" method=\"post\" enctype=\"multipart\/form-data\" action=\"\/ckz\/wp-json\/wp\/v2\/pages\/2505\" data-token=\"4fca058f8b0d1b2e919da9eb9016684e\" data-token-time=\"1777543642\"><noscript class=\"wpforms-error-noscript\">Please enable JavaScript in your browser to complete this form.<\/noscript><div class=\"wpforms-field-container\"><div id=\"wpforms-2511-field_0-container\" class=\"wpforms-field wpforms-field-name\" data-field-id=\"0\"><label class=\"wpforms-field-label\" for=\"wpforms-2511-field_0\">Ime <span class=\"wpforms-required-label\">*<\/span><\/label><input type=\"text\" id=\"wpforms-2511-field_0\" class=\"wpforms-field-medium wpforms-field-required\" name=\"wpforms[fields][0]\" required><\/div><div id=\"wpforms-2511-field_1-container\" class=\"wpforms-field wpforms-field-email\" data-field-id=\"1\"><label class=\"wpforms-field-label\" for=\"wpforms-2511-field_1\">Email <span class=\"wpforms-required-label\">*<\/span><\/label><input type=\"email\" id=\"wpforms-2511-field_1\" class=\"wpforms-field-medium wpforms-field-required\" name=\"wpforms[fields][1]\" spellcheck=\"false\" required><\/div><div id=\"wpforms-2511-field_5-container\" class=\"wpforms-field wpforms-field-text\" data-field-id=\"5\"><label class=\"wpforms-field-label\" for=\"wpforms-2511-field_5\">Telefonska \u0161tevilka <span class=\"wpforms-required-label\">*<\/span><\/label><input type=\"text\" id=\"wpforms-2511-field_5\" class=\"wpforms-field-medium wpforms-field-required\" name=\"wpforms[fields][5]\" required><\/div><div id=\"wpforms-2511-field_2-container\" class=\"wpforms-field wpforms-field-textarea\" data-field-id=\"2\"><label class=\"wpforms-field-label\" for=\"wpforms-2511-field_2\">Sporo\u010dilo <span class=\"wpforms-required-label\">*<\/span><\/label><textarea id=\"wpforms-2511-field_2\" class=\"wpforms-field-medium wpforms-field-required\" name=\"wpforms[fields][2]\" required><\/textarea><\/div><div id=\"wpforms-2511-field_4-container\" class=\"wpforms-field wpforms-field-checkbox\" data-field-id=\"4\"><label class=\"wpforms-field-label\">Varovanje osebnih podatkov <span class=\"wpforms-required-label\">*<\/span><\/label><ul id=\"wpforms-2511-field_4\" class=\"wpforms-field-required\"><li class=\"choice-1 depth-1\"><input type=\"checkbox\" id=\"wpforms-2511-field_4_1\" name=\"wpforms[fields][4][]\" value=\"S klikom na gumb &quot;Po\u0161lji&quot; dajem izrecno privolitev, da lahko ustanova ZD Postojna zgoraj vpisane osebne podatke obdeluje z namenom izvedbe delavnice ter me kontaktira v zvezi z delavnico preko telefona ali e-po\u0161te. Potrjujem tudi, da se strinjam s &lt;a target=&quot;_blank&quot; rel=&quot;noopener noreferrer&quot; href=&quot; https:\/\/www.zd-po.si\/politika-varovanja-osebnih-podatkov\/&quot; &gt;politiko varovanja osebnih podatkov. &lt;\/a&gt;\" required ><label class=\"wpforms-field-label-inline\" for=\"wpforms-2511-field_4_1\">S klikom na gumb \"Po\u0161lji\" dajem izrecno privolitev, da lahko ustanova ZD Postojna zgoraj vpisane osebne podatke obdeluje z namenom izvedbe delavnice ter me kontaktira v zvezi z delavnico preko telefona ali e-po\u0161te. Potrjujem tudi, da se strinjam s <a target=\"_blank\" rel=\"noopener noreferrer\" href=\"https:\/\/www.zd-po.si\/politika-varovanja-osebnih-podatkov\/\">politiko varovanja osebnih podatkov. <\/a><\/label><\/li><\/ul><\/div><\/div><!-- .wpforms-field-container --><div class=\"wpforms-field wpforms-field-hp\"><label for=\"wpforms-2511-field-hp\" class=\"wpforms-field-label\">Website<\/label><input type=\"text\" name=\"wpforms[hp]\" id=\"wpforms-2511-field-hp\" class=\"wpforms-field-medium\"><\/div><div class=\"wpforms-submit-container\" ><input type=\"hidden\" name=\"wpforms[id]\" value=\"2511\"><input type=\"hidden\" name=\"page_title\" value=\"\"><input type=\"hidden\" name=\"page_url\" value=\"https:\/\/www.zd-po.si\/ckz\/wp-json\/wp\/v2\/pages\/2505\"><input type=\"hidden\" name=\"url_referer\" value=\"\"><button type=\"submit\" name=\"wpforms[submit]\" id=\"wpforms-submit-2511\" class=\"wpforms-submit\" data-alt-text=\"Po\u0161iljam...\" data-submit-text=\"Po\u0161lji\" aria-live=\"assertive\" value=\"wpforms-submit\">Po\u0161lji<\/button><\/div><\/form><\/div>  <!-- .wpforms-container -->    <\/div>\n<\/div>\n<!-- \/module text -->        <\/div>\n                        <\/div>\n        <\/div>\n                        <div  data-lazy=\"1\" class=\"module_row themify_builder_row tb_2e1de60 tf_w\">\n                        <div class=\"row_inner col_align_top tb_col_count_1 tf_box tf_rel\">\n                        <div  data-lazy=\"1\" class=\"module_column tb-column col-full tb_b1ad96a first\">\n                    <!-- module fancy heading -->\n<div  class=\"module module-fancy-heading tb_68058a9 \" data-lazy=\"1\">\n        <h3 class=\"fancy-heading tf_textc\">\n    <span class=\"main-head tf_block\">\n                                <\/span>\n\n    \n    <span class=\"sub-head tf_block tf_rel\">\n                    Delavnice v katerih sodeluje            <\/span>\n    <\/h3>\n<\/div>\n<!-- \/module fancy heading -->\n        <\/div>\n                        <\/div>\n        <\/div>\n        <\/div>\n<!--\/themify_builder_content-->","protected":false},"excerpt":{"rendered":"<p>Marija Bergo\u010d, dipl.m.s. Podro\u010dje dela: Diplomirana medicinska sestra Marija Bergo\u010d, v okviru programa Krepitev zdravja za odrasle, izvaja in sodeluje pri naslednjih aktivnostih: Individualni posveti za krepitev zdravja (dodatno meritve krvnega tlaka, analiza telesne sestave \u2026) Aktivnosti krepitve zdravja in zmanj\u0161evanja neenakosti v zdravju v lokalni skupnosti Je kontaktna oseba SVIT-ove podpore v ZD Postojna [&hellip;]<\/p>\n","protected":false},"author":1,"featured_media":0,"parent":0,"menu_order":0,"comment_status":"closed","ping_status":"closed","template":"","meta":{"advgb_blocks_editor_width":"","advgb_blocks_columns_visual_guide":"","footnotes":""},"class_list":["post-2505","page","type-page","status-publish","hentry","has-post-title","has-post-date","has-post-category","has-post-tag","has-post-comment","has-post-author",""],"coauthors":[],"author_meta":{"author_link":"https:\/\/www.zd-po.si\/ckz\/author\/siteadmin\/","display_name":"SiteAdmin"},"relative_dates":{"created":"Posted 4 leta ago","modified":"Updated 3 leta ago"},"absolute_dates":{"created":"Posted on 18 oktobra, 2022","modified":"Updated on 6 oktobra, 2023"},"absolute_dates_time":{"created":"Posted on 18 oktobra, 2022 13:04","modified":"Updated on 6 oktobra, 2023 7:33"},"featured_img_caption":"","featured_img":false,"series_order":"","publishpress_future_action":{"enabled":false,"date":"2026-05-07 11:07:22","action":"change-status","newStatus":"draft","terms":[],"taxonomy":"","extraData":[]},"publishpress_future_workflow_manual_trigger":{"enabledWorkflows":[]},"builder_content":"<img src=\"https:\/\/www.zd-po.si\/ckz\/wp-content\/uploads\/2018\/11\/marija-bergoc-300x300.jpg\" width=\"300\" height=\"300\" title=\"marija bergoc\" alt=\"marija bergoc\" srcset=\"https:\/\/www.zd-po.si\/ckz\/wp-content\/uploads\/2018\/11\/marija-bergoc.jpg 300w, https:\/\/www.zd-po.si\/ckz\/wp-content\/uploads\/2018\/11\/marija-bergoc-150x150.jpg 150w, https:\/\/www.zd-po.si\/ckz\/wp-content\/uploads\/2018\/11\/marija-bergoc-290x290.jpg 290w\" sizes=\"(max-width: 300px) 100vw, 300px\" \/>\n<h2>Marija Bergo\u010d, dipl.m.s.<\/h2>\n<h2>Podro\u010dje dela:<\/h2> <p>Diplomirana medicinska sestra Marija Bergo\u010d, v okviru programa Krepitev zdravja za odrasle, izvaja in sodeluje pri naslednjih aktivnostih:<\/p> <ul> <li>Individualni posveti za krepitev zdravja (dodatno meritve krvnega tlaka, analiza telesne sestave \u2026)<\/li> <li>Aktivnosti krepitve zdravja in zmanj\u0161evanja neenakosti v zdravju v lokalni skupnosti<\/li> <li>Je kontaktna oseba SVIT-ove podpore v ZD Postojna<\/li> <\/ul> <p><strong>Skupinske delavnice:<\/strong><\/p> <ul> <li>Zdravo \u017eivim<\/li> <li>Zvi\u0161an krvni sladkor<\/li> <li>Sladkorna bolezen tipa 2<\/li> <li>S sladkorno boleznijo skozi \u017eivljenje<\/li> <li>Tehnike spro\u0161\u010danja<\/li> <li>Svetovanje za opu\u0161\u010danje kajenja (skupinsko)<\/li> <\/ul> <p><strong>Individualni programi oz. delavnice:<\/strong><\/p> <ul> <li>Svetovanje za opu\u0161\u010danje kajenja (individualno)<\/li> <li>Svetovanje za opu\u0161\u010danje tveganega\/\u0161kodljivega pitja alkohola<\/li> <li>Svetovanje za opu\u0161\u010danje tveganega\/\u0161kodljivega pitja alkohola \u2013 vzdr\u017eevalni del<\/li> <\/ul> <p>\u00a0<\/p> <p><strong>Druge dejavnosti izven programa Centra za krepitev zdravja:<\/strong><\/p> <p>Marija Bergo\u010d je tudi poobla\u0161\u010dena oseba za opredelitev o darovanju delov \u010dlove\u0161kega telesa zaradi zdravljenja. Ve\u010d na povezavi: <a href=\"https:\/\/www.zd-po.si\/opredelitev-o-darovanju-organov\">https:\/\/www.zd-po.si\/opredelitev-o-darovanju-organov\/<\/a><\/p>\n<h2>Po\u0161ljite sporo\u010dilo<\/h2> <p>[wpforms id=\"2511\" title=\"false\" description=\"false\"]<\/p>\n<h3><br\/>Delavnice v katerih sodeluje<\/h3>","_links":{"self":[{"href":"https:\/\/www.zd-po.si\/ckz\/wp-json\/wp\/v2\/pages\/2505","targetHints":{"allow":["GET"]}}],"collection":[{"href":"https:\/\/www.zd-po.si\/ckz\/wp-json\/wp\/v2\/pages"}],"about":[{"href":"https:\/\/www.zd-po.si\/ckz\/wp-json\/wp\/v2\/types\/page"}],"author":[{"embeddable":true,"href":"https:\/\/www.zd-po.si\/ckz\/wp-json\/wp\/v2\/users\/1"}],"replies":[{"embeddable":true,"href":"https:\/\/www.zd-po.si\/ckz\/wp-json\/wp\/v2\/comments?post=2505"}],"version-history":[{"count":10,"href":"https:\/\/www.zd-po.si\/ckz\/wp-json\/wp\/v2\/pages\/2505\/revisions"}],"predecessor-version":[{"id":2747,"href":"https:\/\/www.zd-po.si\/ckz\/wp-json\/wp\/v2\/pages\/2505\/revisions\/2747"}],"wp:attachment":[{"href":"https:\/\/www.zd-po.si\/ckz\/wp-json\/wp\/v2\/media?parent=2505"}],"curies":[{"name":"wp","href":"https:\/\/api.w.org\/{rel}","templated":true}]}}