
{"id":3436,"date":"2025-02-10T15:10:17","date_gmt":"2025-02-10T14:10:17","guid":{"rendered":"https:\/\/www.zd-po.si\/ckz\/?page_id=3436"},"modified":"2025-02-10T15:15:36","modified_gmt":"2025-02-10T14:15:36","slug":"skupaj-za-odgovoren-odnos-do-pitja-alkohola","status":"publish","type":"page","link":"https:\/\/www.zd-po.si\/ckz\/skupaj-za-odgovoren-odnos-do-pitja-alkohola\/","title":{"rendered":"Skupaj za odgovoren odnos do pitja alkohola"},"content":{"rendered":"<!--themify_builder_content-->\n<div id=\"themify_builder_content-3436\" data-postid=\"3436\" class=\"themify_builder_content themify_builder_content-3436 themify_builder tf_clear\">\n                    <div  data-lazy=\"1\" class=\"module_row themify_builder_row tb_4m9i859 tb_first tf_w\">\n                        <div class=\"row_inner col_align_top tb_col_count_1 tf_box tf_rel\">\n                        <div  data-lazy=\"1\" class=\"module_column tb-column col-full tb_hiyt859 first\">\n                    <!-- module text -->\n<div  class=\"module module-text tb_7aqc890   \" data-lazy=\"1\">\n        <div  class=\"tb_text_wrap\">\n        <p>Ko pomislimo, da bi bile na\u0161e te\u017eave v zdravju ali odnosih z bli\u017ejimi lahko povezane z pitjem alkohola ali pa preprosto pri sebi opazimo pove\u010dano pitje alkohola, se lahko posvetujemo tudi z diplomirano medicinsko sestro v Centru za krepitev zdravja na individualnem svetovanju Skupaj za odgovoren odnos do pitja alkohola. Svetovanje je sestavljeno iz temeljnega in vzdr\u017eevalnega dela.<\/p><p>Udele\u017eijo se ga lahko vsi odrasli pacienti, ne glede na starost, za udele\u017ebo ni potrebna napotnica<br \/>zdravnika. Udele\u017eenci se lahko prijavijo sami.<\/p><p>Temeljni del poteka na petih individualnih sre\u010danjih, ki trajajo 15 minut, potekajo enkrat tedensko. V tem \u010dasu boste pogledali, kak\u0161ne so va\u0161e pivske navade in ali bi jih bilo potrebno urediti. Razmi\u0161ljali boste o razlogih, da pijete alkohol in o situacijah, kadar posegate po alkoholu. Predvsem pa boste iskali za vas sprejemljive na\u010dine, da bi pitje alkohola zmanj\u0161ali ali prenehali s pitjem. Po uspe\u0161no zaklju\u010deni delavnici, je mo\u017enost \u0161e vzdr\u017eevalne delavnice.<\/p><p>Vzdr\u017eevalni del vsebuje dve individualni sre\u010danji, ki trajata 15 minut in potekata v razmakih na 3 mesece po zaklju\u010deni temeljni delavnici. Na sre\u010danjih boste lahko s pomo\u010djo diplomirane medicinske sestre utrjevali na\u010din \u017eivljenja z zdravim odnosom do pitja alkohola.<\/p><p>\u00a0<\/p><p>\u00a0<\/p>    <\/div>\n<\/div>\n<!-- \/module text -->        <div  data-lazy=\"1\" class=\"module_subrow themify_builder_sub_row tf_w col_align_top tb_col_count_2 tb_s2eo539\">\n                <div  data-lazy=\"1\" class=\"module_column sub_column col4-2 tb_g1lf539 first\">\n                    <!-- module image -->\n<div  class=\"module module-image tb_lfa9583 image-top   tf_mw\" data-lazy=\"1\">\n        <div class=\"image-wrap tf_rel tf_mw\">\n            <a href=\"https:\/\/www.sopa.si\/\">\n                   <img loading=\"lazy\" decoding=\"async\" width=\"339\" height=\"148\" src=\"https:\/\/www.zd-po.si\/ckz\/wp-content\/uploads\/2025\/02\/sopa.png\" class=\"wp-post-image wp-image-3441\" title=\"sopa\" alt=\"sopa\" srcset=\"https:\/\/www.zd-po.si\/ckz\/wp-content\/uploads\/2025\/02\/sopa.png 339w, https:\/\/www.zd-po.si\/ckz\/wp-content\/uploads\/2025\/02\/sopa-300x131.png 300w\" sizes=\"auto, (max-width: 339px) 100vw, 339px\" \/>        <\/a>\n    \n        <\/div>\n    <!-- \/image-wrap -->\n    \n        <\/div>\n<!-- \/module image -->        <\/div>\n                    <div  data-lazy=\"1\" class=\"module_column sub_column col4-2 tb_jok4539 last\">\n                    <!-- module image -->\n<div  class=\"module module-image tb_yfyg615 image-top   tf_mw\" data-lazy=\"1\">\n        <div class=\"image-wrap tf_rel tf_mw\">\n            <img loading=\"lazy\" decoding=\"async\" width=\"513\" height=\"344\" src=\"https:\/\/www.zd-po.si\/ckz\/wp-content\/uploads\/2025\/02\/sopa1.png\" class=\"wp-post-image wp-image-3440\" title=\"sopa1\" alt=\"sopa1\" srcset=\"https:\/\/www.zd-po.si\/ckz\/wp-content\/uploads\/2025\/02\/sopa1.png 513w, https:\/\/www.zd-po.si\/ckz\/wp-content\/uploads\/2025\/02\/sopa1-300x201.png 300w\" sizes=\"auto, (max-width: 513px) 100vw, 513px\" \/>    \n        <\/div>\n    <!-- \/image-wrap -->\n    \n        <\/div>\n<!-- \/module image -->        <\/div>\n                    <\/div>\n                <\/div>\n                        <\/div>\n        <\/div>\n        <\/div>\n<!--\/themify_builder_content-->","protected":false},"excerpt":{"rendered":"<p>Ko pomislimo, da bi bile na\u0161e te\u017eave v zdravju ali odnosih z bli\u017ejimi lahko povezane z pitjem alkohola ali pa preprosto pri sebi opazimo pove\u010dano pitje alkohola, se lahko posvetujemo tudi z diplomirano medicinsko sestro v Centru za krepitev zdravja na individualnem svetovanju Skupaj za odgovoren odnos do pitja alkohola. Svetovanje je sestavljeno iz temeljnega [&hellip;]<\/p>\n","protected":false},"author":1,"featured_media":0,"parent":0,"menu_order":0,"comment_status":"closed","ping_status":"closed","template":"","meta":{"advgb_blocks_editor_width":"","advgb_blocks_columns_visual_guide":"","footnotes":""},"class_list":["post-3436","page","type-page","status-publish","hentry","has-post-title","has-post-date","has-post-category","has-post-tag","has-post-comment","has-post-author",""],"coauthors":[],"author_meta":{"author_link":"https:\/\/www.zd-po.si\/ckz\/author\/siteadmin\/","display_name":"SiteAdmin"},"relative_dates":{"created":"Posted 1 leto ago","modified":"Updated 1 leto ago"},"absolute_dates":{"created":"Posted on 10 februarja, 2025","modified":"Updated on 10 februarja, 2025"},"absolute_dates_time":{"created":"Posted on 10 februarja, 2025 15:10","modified":"Updated on 10 februarja, 2025 15:15"},"featured_img_caption":"","featured_img":false,"series_order":"","publishpress_future_action":{"enabled":false,"date":"2026-05-03 23:36:02","action":"change-status","newStatus":"draft","terms":[],"taxonomy":"","extraData":[]},"publishpress_future_workflow_manual_trigger":{"enabledWorkflows":[]},"builder_content":"<p>Ko pomislimo, da bi bile na\u0161e te\u017eave v zdravju ali odnosih z bli\u017ejimi lahko povezane z pitjem alkohola ali pa preprosto pri sebi opazimo pove\u010dano pitje alkohola, se lahko posvetujemo tudi z diplomirano medicinsko sestro v Centru za krepitev zdravja na individualnem svetovanju Skupaj za odgovoren odnos do pitja alkohola. Svetovanje je sestavljeno iz temeljnega in vzdr\u017eevalnega dela.<\/p><p>Udele\u017eijo se ga lahko vsi odrasli pacienti, ne glede na starost, za udele\u017ebo ni potrebna napotnica<br \/>zdravnika. Udele\u017eenci se lahko prijavijo sami.<\/p><p>Temeljni del poteka na petih individualnih sre\u010danjih, ki trajajo 15 minut, potekajo enkrat tedensko. V tem \u010dasu boste pogledali, kak\u0161ne so va\u0161e pivske navade in ali bi jih bilo potrebno urediti. Razmi\u0161ljali boste o razlogih, da pijete alkohol in o situacijah, kadar posegate po alkoholu. Predvsem pa boste iskali za vas sprejemljive na\u010dine, da bi pitje alkohola zmanj\u0161ali ali prenehali s pitjem. Po uspe\u0161no zaklju\u010deni delavnici, je mo\u017enost \u0161e vzdr\u017eevalne delavnice.<\/p><p>Vzdr\u017eevalni del vsebuje dve individualni sre\u010danji, ki trajata 15 minut in potekata v razmakih na 3 mesece po zaklju\u010deni temeljni delavnici. Na sre\u010danjih boste lahko s pomo\u010djo diplomirane medicinske sestre utrjevali na\u010din \u017eivljenja z zdravim odnosom do pitja alkohola.<\/p><p>\u00a0<\/p><p>\u00a0<\/p>\n<a href=\"https:\/\/www.sopa.si\/\"> <img src=\"https:\/\/www.zd-po.si\/ckz\/wp-content\/uploads\/2025\/02\/sopa.png\" title=\"sopa\" alt=\"sopa\" srcset=\"https:\/\/www.zd-po.si\/ckz\/wp-content\/uploads\/2025\/02\/sopa.png 339w, https:\/\/www.zd-po.si\/ckz\/wp-content\/uploads\/2025\/02\/sopa-300x131.png 300w\" sizes=\"(max-width: 339px) 100vw, 339px\" \/> <\/a>\n<img src=\"https:\/\/www.zd-po.si\/ckz\/wp-content\/uploads\/2025\/02\/sopa1.png\" title=\"sopa1\" alt=\"sopa1\" srcset=\"https:\/\/www.zd-po.si\/ckz\/wp-content\/uploads\/2025\/02\/sopa1.png 513w, https:\/\/www.zd-po.si\/ckz\/wp-content\/uploads\/2025\/02\/sopa1-300x201.png 300w\" sizes=\"(max-width: 513px) 100vw, 513px\" \/>","_links":{"self":[{"href":"https:\/\/www.zd-po.si\/ckz\/wp-json\/wp\/v2\/pages\/3436","targetHints":{"allow":["GET"]}}],"collection":[{"href":"https:\/\/www.zd-po.si\/ckz\/wp-json\/wp\/v2\/pages"}],"about":[{"href":"https:\/\/www.zd-po.si\/ckz\/wp-json\/wp\/v2\/types\/page"}],"author":[{"embeddable":true,"href":"https:\/\/www.zd-po.si\/ckz\/wp-json\/wp\/v2\/users\/1"}],"replies":[{"embeddable":true,"href":"https:\/\/www.zd-po.si\/ckz\/wp-json\/wp\/v2\/comments?post=3436"}],"version-history":[{"count":8,"href":"https:\/\/www.zd-po.si\/ckz\/wp-json\/wp\/v2\/pages\/3436\/revisions"}],"predecessor-version":[{"id":3446,"href":"https:\/\/www.zd-po.si\/ckz\/wp-json\/wp\/v2\/pages\/3436\/revisions\/3446"}],"wp:attachment":[{"href":"https:\/\/www.zd-po.si\/ckz\/wp-json\/wp\/v2\/media?parent=3436"}],"curies":[{"name":"wp","href":"https:\/\/api.w.org\/{rel}","templated":true}]}}