
{"id":3459,"date":"2025-02-20T13:36:33","date_gmt":"2025-02-20T12:36:33","guid":{"rendered":"https:\/\/www.zd-po.si\/ckz\/?page_id=3459"},"modified":"2026-01-21T17:47:02","modified_gmt":"2026-01-21T16:47:02","slug":"urniki-centra-za-krepitev-zdravja","status":"publish","type":"page","link":"https:\/\/www.zd-po.si\/ckz\/urniki-centra-za-krepitev-zdravja\/","title":{"rendered":"Urniki centra za krepitev zdravja"},"content":{"rendered":"<!--themify_builder_content-->\n<div id=\"themify_builder_content-3459\" data-postid=\"3459\" class=\"themify_builder_content themify_builder_content-3459 themify_builder tf_clear\">\n                    <div  data-lazy=\"1\" class=\"module_row themify_builder_row tb_xsrl370 tb_first tf_w\">\n                        <div class=\"row_inner col_align_top tb_col_count_1 tf_box tf_rel\">\n                        <div  data-lazy=\"1\" class=\"module_column tb-column col-full tb_1uyk370 first\">\n                    <!-- module plain text -->\n<div  class=\"module module-plain-text tb_4y5h37 \" data-lazy=\"1\">\n        <div class=\"tb_text_wrap\">\n    <style>\n        body {\n            font-family: Arial, sans-serif;\n            margin: 20px;\n        }\n        .person {\n            margin-bottom: 30px;\n        }\n        .name {\n            font-size: 18px;\n            font-weight: bold;\n            margin-top: 10px;\n        }\n        .position {\n            font-style: italic;\n            margin-bottom: 10px;\n        }\n        .schedule-table {\n            width: 100%;\n            border-collapse: collapse;\n            text-align: center;\n        }\n        .schedule-table th, .schedule-table td {\n            border: 1px solid #ddd;\n            padding: 10px;\n        }\n        .schedule-table th {\n            background-color: #f4b400;\n            color: black;\n            font-weight: bold;\n        }\n        @media screen and (max-width: 480px) {\n            .schedule-table, .schedule-table thead, .schedule-table tbody, .schedule-table th, .schedule-table td, .schedule-table tr {\n                display: block;\n                width: 100%;\n            }\n            .schedule-table thead {\n                display: none;\n            }\n            .schedule-table tr {\n                margin-bottom: 10px;\n                border: 1px solid #ddd;\n                padding: 10px;\n                background: #fff7e6;\n            }\n            .schedule-table td {\n                text-align: left;\n                padding: 8px;\n                border-bottom: 1px solid #ddd;\n                position: relative;\n            }\n            .schedule-table td:last-child {\n                border-bottom: none;\n            }\n            .schedule-table td::before {\n                content: attr(data-label);\n                font-weight: bold;\n                display: block;\n                margin-bottom: 5px;\n                color: #333;\n            }\n        }\n    <\/style>\n<!-- ZDRAVSTVENA VZGOJA ZA ODRASLE -->\n<div> <h2> ZDRAVSTVENA VZGOJA ZA ODRASLE <\/h2> <\/div>\n<div class=\"person\">\n    <div class=\"name\">Larisa HRE\u0160\u010cAK \u0160VIGELJ &#8211; vodja Centra za krepitev zdravja<\/div>\n    <div class=\"position\">diplomirana medicinska sestra s specialnimi znanji<\/div>\n    <table class=\"schedule-table\">\n        <thead>\n            <tr>\n                <th>PONEDELJEK<\/th><th>TOREK<\/th><th>SREDA<\/th><th>\u010cETRTEK<\/th><th>PETEK<\/th>\n            <\/tr>\n        <\/thead>\n        <tbody>\n            <tr>\n                <td data-label=\"PONEDELJEK\">08:00 &#8211; 15:00<\/td>\n                <td data-label=\"TOREK\">08:00 &#8211; 15:00<\/td>\n                <td data-label=\"SREDA\">08:00 &#8211; 15:00<\/td>\n                <td data-label=\"\u010cETRTEK\">08:00 &#8211; 15:00<\/td>\n                <td data-label=\"PETEK\">08:00 &#8211; 15:00<\/td>\n            <\/tr>\n        <\/tbody>\n    <\/table>\n<\/div>\n\n<div class=\"person\">\n    <div class=\"name\">Marija BERGO\u010c<\/div>\n    <div class=\"position\">diplomirana medicinska sestra s specialnimi znanji<\/div>\n    <table class=\"schedule-table\">\n        <thead>\n            <tr>\n                <th>PONEDELJEK<\/th><th>TOREK<\/th><th>SREDA<\/th><th>\u010cETRTEK<\/th><th>PETEK<\/th>\n            <\/tr>\n        <\/thead>\n        <tbody>\n            <tr>\n                <td>08:00 &#8211; 15:00<\/td>\n                <td>11:00 &#8211; 18:00<\/td>\n                <td>08:00 &#8211; 15:00<\/td>\n                <td>08:00 &#8211; 15:00<\/td>\n                <td>08:00 &#8211; 15:00<\/td>\n            <\/tr>\n        <\/tbody>\n    <\/table>\n<\/div>\n\n<div class=\"person\">\n    <div class=\"name\">Polona \u010cERNIGOJ<\/div>\n    <div class=\"position\">univ. diplomirana psihologinja<\/div>\n    <table class=\"schedule-table\">\n        <thead>\n            <tr>\n                <th>PONEDELJEK<\/th><th>TOREK<\/th><th>SREDA<\/th><th>\u010cETRTEK<\/th><th>PETEK<\/th>\n            <\/tr>\n        <\/thead>\n        <tbody>\n            <tr>\n                <td>11:00 &#8211; 18:00<\/td>\n                <td>08:00 &#8211; 15:00<\/td>\n                <td>08:00 &#8211; 15:00<\/td>\n                <td>08:00 &#8211; 15:00<\/td>\n                <td>08:00 &#8211; 15:00<\/td>\n            <\/tr>\n        <\/tbody>\n    <\/table>\n<\/div>\n\n<div class=\"person\">\n    <div class=\"name\">Ur\u0161ka BRO\u017dI\u010c<\/div>\n    <div class=\"position\">magistrica dietetike<\/div>\n    <table class=\"schedule-table\">\n        <thead>\n            <tr>\n                <th>PONEDELJEK<\/th><th>TOREK<\/th><th>SREDA<\/th><th>\u010cETRTEK<\/th><th>PETEK<\/th>\n            <\/tr>\n        <\/thead>\n        <tbody>\n            <tr>\n                <td>12:00 &#8211; 19:00<\/td>\n                <td>08:00 &#8211; 15:00<\/td>\n                <td>08:00 &#8211; 15:00<\/td>\n                <td>08:00 &#8211; 15:00<\/td>\n                <td>08:00 &#8211; 15:00<\/td>\n            <\/tr>\n        <\/tbody>\n    <\/table>\n<\/div>\n\n<div class=\"person\">\n    <div class=\"name\">Anita JANE\u017dI\u010c<\/div>\n    <div class=\"position\">diplomirana fizioterapevtka<\/div>\n    <table class=\"schedule-table\">\n        <thead>\n            <tr>\n                <th>PONEDELJEK<\/th><th>TOREK<\/th><th>SREDA<\/th><th>\u010cETRTEK<\/th><th>PETEK<\/th>\n            <\/tr>\n        <\/thead>\n        <tbody>\n            <tr>\n                <td>08:00 &#8211; 15:00<\/td>\n                <td>12:00 &#8211; 19:00<\/td>\n                <td>08:00 &#8211; 15:00<\/td>\n                <td>08:00 &#8211; 15:00<\/td>\n                <td>08:00 &#8211; 15:00<\/td>\n            <\/tr>\n        <\/tbody>\n    <\/table>\n<\/div>\n\n<div class=\"person\">\n    <div class=\"name\">Mateja KRAGELJ<\/div>\n    <div class=\"position\">diplomirana kineziologinja<\/div>\n    <table class=\"schedule-table\">\n        <thead>\n            <tr>\n                <th>PONEDELJEK<\/th><th>TOREK<\/th><th>SREDA<\/th><th>\u010cETRTEK<\/th><th>PETEK<\/th>\n            <\/tr>\n        <\/thead>\n        <tbody>\n            <tr>\n                <td>12:00 &#8211; 19:00<\/td>\n                <td>08:00 &#8211; 15:00<\/td>\n                <td>08:00 &#8211; 15:00<\/td>\n                <td>08:00 &#8211; 15:00<\/td>\n                <td>08:00 &#8211; 15:00<\/td>\n            <\/tr>\n        <\/tbody>\n    <\/table>\n<\/div>\n\n<div class=\"person\">\n    <div class=\"name\">Simona POJE<\/div>\n    <div class=\"position\">diplomantka dietetike<\/div>\n    <table class=\"schedule-table\">\n        <thead>\n            <tr>\n                <th>PONEDELJEK<\/th><th>TOREK<\/th><th>SREDA<\/th><th>\u010cETRTEK<\/th><th>PETEK<\/th>\n            <\/tr>\n        <\/thead>\n        <tbody>\n            <tr>\n                <td>11:00 &#8211; 18:00<\/td>\n                <td><\/td>\n                <td>09:00 &#8211; 16:00<\/td>\n                <td><\/td>\n                <td>09:00 &#8211; 13:00<\/td>\n            <\/tr>\n        <\/tbody>\n    <\/table>\n<\/div>\n\n<div class=\"person\">\n    <div class=\"name\">Barbara ORA\u017dEM GRM<\/div>\n    <div class=\"position\">univ. diplomirana psihologinja<\/div>\n    <table class=\"schedule-table\">\n        <thead>\n            <tr>\n                <th>PONEDELJEK<\/th><th>TOREK<\/th><th>SREDA<\/th><th>\u010cETRTEK<\/th><th>PETEK<\/th>\n            <\/tr>\n        <\/thead>\n        <tbody>\n            <tr>\n                <td>08:00 &#8211; 18:00<br><small>Odsotna 15:00 &#8211; 16:00<\/small><\/td>\n                <td>08:00 &#8211; 15:00<\/td>\n                <td>08:00 &#8211; 15:00<br><small>Vsako 2. in 4. sredo v mesecu<\/small><\/td>\n                <td><\/td>\n                <td><\/td>\n            <\/tr>\n        <\/tbody>\n    <\/table>\n<\/div>\n\n<div class=\"person\">\n    <div class=\"name\">Lucija LOZEJ<\/div>\n    <div class=\"position\">dipl. medicinska sestra \u2013 Dru\u017einska obravnava za zdrav \u017eivljenjski slog<\/div>\n    <table class=\"schedule-table\">\n        <thead>\n            <tr>\n                <th>PONEDELJEK<\/th><th>TOREK<\/th><th>SREDA<\/th><th>\u010cETRTEK<\/th><th>PETEK<\/th>\n            <\/tr>\n        <\/thead>\n        <tbody>\n            <tr>\n                <td>12:00 &#8211; 18:00<\/td>\n                <td>08:00 &#8211; 14:00<\/td>\n                <td>08:00 &#8211; 14:00<\/td>\n                <td>08:00 &#8211; 14:00<\/td>\n                <td>08:00 &#8211; 14:00<\/td>\n            <\/tr>\n        <\/tbody>\n    <\/table>\n<\/div>\n\n<div class=\"person\">\n    <div class=\"name\">Ambro\u017e BAJT<\/div>\n    <div class=\"position\">mag. kineziologije, pripravnik<\/div>\n    <table class=\"schedule-table\">\n        <thead>\n            <tr>\n                <th>PONEDELJEK<\/th><th>TOREK<\/th><th>SREDA<\/th><th>\u010cETRTEK<\/th><th>PETEK<\/th>\n            <\/tr>\n        <\/thead>\n        <tbody>\n            <tr>\n                <td>12:00 &#8211; 19:00<\/td>\n                <td>08:00 &#8211; 15:00<\/td>\n                <td>08:00 &#8211; 15:00<\/td>\n                <td>08:00 &#8211; 15:00<\/td>\n                <td>08:00 &#8211; 15:00<\/td>\n            <\/tr>\n        <\/tbody>\n    <\/table>\n<\/div>\n\n<div> <h2>ZDRAVSTVENA VZGOJA ZA OTROKE IN MALDOSTNIKE<\/h2> <\/div>\n<!-- ZDRAVSTVENA VZGOJA ZA OTROKE IN MLADOSTNIKE -->\n\n<div class=\"person\">\n    <div class=\"name\">Sindi LISJAK<\/div>\n    <div class=\"position\">dipl. medicinska sestra v zdravstveni vzgoji otrok in mladostnikov<\/div>\n    <table class=\"schedule-table\">\n        <thead>\n            <tr>\n                <th>PONEDELJEK<\/th>\n                <th>TOREK<\/th>\n                <th>SREDA<\/th>\n                <th>\u010cETRTEK<\/th>\n                <th>PETEK<\/th>\n            <\/tr>\n        <\/thead>\n        <tbody>\n            <tr>\n                <td data-label=\"PONEDELJEK\">08:00 &#8211; 15:00<\/td>\n                <td data-label=\"TOREK\">08:00 &#8211; 15:00<\/td>\n                <td data-label=\"SREDA\">08:00 &#8211; 15:00<\/td>\n                <td data-label=\"\u010cETRTEK\">08:00 &#8211; 15:00<\/td>\n                <td data-label=\"PETEK\">08:00 &#8211; 15:00<\/td>\n            <\/tr>\n        <\/tbody>\n    <\/table>\n<\/div>\n\n<div class=\"person\">\n    <div class=\"name\">Ana TR\u010cEK<\/div>\n    <div class=\"position\">dipl. medicinska sestra s spec. znanji v vzgoji za ustno zdravje<\/div>\n    <table class=\"schedule-table\">\n        <thead>\n            <tr>\n                <th>PONEDELJEK<\/th>\n                <th>TOREK<\/th>\n                <th>SREDA<\/th>\n                <th>\u010cETRTEK<\/th>\n                <th>PETEK<\/th>\n            <\/tr>\n        <\/thead>\n        <tbody>\n            <tr>\n                <td data-label=\"PONEDELJEK\">08:00 &#8211; 15:00<\/td>\n                <td data-label=\"TOREK\">08:00 &#8211; 15:00<\/td>\n                <td data-label=\"SREDA\">08:00 &#8211; 15:00<\/td>\n                <td data-label=\"\u010cETRTEK\">08:00 &#8211; 15:00<\/td>\n                <td data-label=\"PETEK\">08:00 &#8211; 15:00<\/td>\n            <\/tr>\n        <\/tbody>\n    <\/table>\n<\/div>    <\/div>\n<\/div>\n<!-- \/module plain text -->        <\/div>\n                        <\/div>\n        <\/div>\n        <\/div>\n<!--\/themify_builder_content-->","protected":false},"excerpt":{"rendered":"","protected":false},"author":1,"featured_media":0,"parent":0,"menu_order":0,"comment_status":"closed","ping_status":"closed","template":"","meta":{"advgb_blocks_editor_width":"","advgb_blocks_columns_visual_guide":"","footnotes":""},"class_list":["post-3459","page","type-page","status-publish","hentry","has-post-title","has-post-date","has-post-category","has-post-tag","has-post-comment","has-post-author",""],"coauthors":[],"author_meta":{"author_link":"https:\/\/www.zd-po.si\/ckz\/author\/siteadmin\/","display_name":"SiteAdmin"},"relative_dates":{"created":"Posted 1 leto ago","modified":"Updated 3 meseci ago"},"absolute_dates":{"created":"Posted on 20 februarja, 2025","modified":"Updated on 21 januarja, 2026"},"absolute_dates_time":{"created":"Posted on 20 februarja, 2025 13:36","modified":"Updated on 21 januarja, 2026 17:47"},"featured_img_caption":"","featured_img":false,"series_order":"","publishpress_future_action":{"enabled":false,"date":"2026-05-03 21:59:41","action":"change-status","newStatus":"draft","terms":[],"taxonomy":"","extraData":[]},"publishpress_future_workflow_manual_trigger":{"enabledWorkflows":[]},"builder_content":"<h2> ZDRAVSTVENA VZGOJA ZA ODRASLE <\/h2> \n Larisa HRE\u0160\u010cAK \u0160VIGELJ - vodja Centra za krepitev zdravja diplomirana medicinska sestra s specialnimi znanji <table> <thead> <tr> <th>PONEDELJEK<\/th><th>TOREK<\/th><th>SREDA<\/th><th>\u010cETRTEK<\/th><th>PETEK<\/th> <\/tr> <\/thead> <tbody> <tr> <td data-label=\"PONEDELJEK\">08:00 - 15:00<\/td> <td data-label=\"TOREK\">08:00 - 15:00<\/td> <td data-label=\"SREDA\">08:00 - 15:00<\/td> <td data-label=\"\u010cETRTEK\">08:00 - 15:00<\/td> <td data-label=\"PETEK\">08:00 - 15:00<\/td> <\/tr> <\/tbody> <\/table>\n Marija BERGO\u010c diplomirana medicinska sestra s specialnimi znanji <table> <thead> <tr> <th>PONEDELJEK<\/th><th>TOREK<\/th><th>SREDA<\/th><th>\u010cETRTEK<\/th><th>PETEK<\/th> <\/tr> <\/thead> <tbody> <tr> <td>08:00 - 15:00<\/td> <td>11:00 - 18:00<\/td> <td>08:00 - 15:00<\/td> <td>08:00 - 15:00<\/td> <td>08:00 - 15:00<\/td> <\/tr> <\/tbody> <\/table>\n Polona \u010cERNIGOJ univ. diplomirana psihologinja <table> <thead> <tr> <th>PONEDELJEK<\/th><th>TOREK<\/th><th>SREDA<\/th><th>\u010cETRTEK<\/th><th>PETEK<\/th> <\/tr> <\/thead> <tbody> <tr> <td>11:00 - 18:00<\/td> <td>08:00 - 15:00<\/td> <td>08:00 - 15:00<\/td> <td>08:00 - 15:00<\/td> <td>08:00 - 15:00<\/td> <\/tr> <\/tbody> <\/table>\n Ur\u0161ka BRO\u017dI\u010c magistrica dietetike <table> <thead> <tr> <th>PONEDELJEK<\/th><th>TOREK<\/th><th>SREDA<\/th><th>\u010cETRTEK<\/th><th>PETEK<\/th> <\/tr> <\/thead> <tbody> <tr> <td>12:00 - 19:00<\/td> <td>08:00 - 15:00<\/td> <td>08:00 - 15:00<\/td> <td>08:00 - 15:00<\/td> <td>08:00 - 15:00<\/td> <\/tr> <\/tbody> <\/table>\n Anita JANE\u017dI\u010c diplomirana fizioterapevtka <table> <thead> <tr> <th>PONEDELJEK<\/th><th>TOREK<\/th><th>SREDA<\/th><th>\u010cETRTEK<\/th><th>PETEK<\/th> <\/tr> <\/thead> <tbody> <tr> <td>08:00 - 15:00<\/td> <td>12:00 - 19:00<\/td> <td>08:00 - 15:00<\/td> <td>08:00 - 15:00<\/td> <td>08:00 - 15:00<\/td> <\/tr> <\/tbody> <\/table>\n Mateja KRAGELJ diplomirana kineziologinja <table> <thead> <tr> <th>PONEDELJEK<\/th><th>TOREK<\/th><th>SREDA<\/th><th>\u010cETRTEK<\/th><th>PETEK<\/th> <\/tr> <\/thead> <tbody> <tr> <td>12:00 - 19:00<\/td> <td>08:00 - 15:00<\/td> <td>08:00 - 15:00<\/td> <td>08:00 - 15:00<\/td> <td>08:00 - 15:00<\/td> <\/tr> <\/tbody> <\/table>\n Simona POJE diplomantka dietetike <table> <thead> <tr> <th>PONEDELJEK<\/th><th>TOREK<\/th><th>SREDA<\/th><th>\u010cETRTEK<\/th><th>PETEK<\/th> <\/tr> <\/thead> <tbody> <tr> <td>11:00 - 18:00<\/td> <td><\/td> <td>09:00 - 16:00<\/td> <td><\/td> <td>09:00 - 13:00<\/td> <\/tr> <\/tbody> <\/table>\n Barbara ORA\u017dEM GRM univ. diplomirana psihologinja <table> <thead> <tr> <th>PONEDELJEK<\/th><th>TOREK<\/th><th>SREDA<\/th><th>\u010cETRTEK<\/th><th>PETEK<\/th> <\/tr> <\/thead> <tbody> <tr> <td>08:00 - 18:00<br><small>Odsotna 15:00 - 16:00<\/small><\/td> <td>08:00 - 15:00<\/td> <td>08:00 - 15:00<br><small>Vsako 2. in 4. sredo v mesecu<\/small><\/td> <td><\/td> <td><\/td> <\/tr> <\/tbody> <\/table>\n Lucija LOZEJ dipl. medicinska sestra \u2013 Dru\u017einska obravnava za zdrav \u017eivljenjski slog <table> <thead> <tr> <th>PONEDELJEK<\/th><th>TOREK<\/th><th>SREDA<\/th><th>\u010cETRTEK<\/th><th>PETEK<\/th> <\/tr> <\/thead> <tbody> <tr> <td>12:00 - 18:00<\/td> <td>08:00 - 14:00<\/td> <td>08:00 - 14:00<\/td> <td>08:00 - 14:00<\/td> <td>08:00 - 14:00<\/td> <\/tr> <\/tbody> <\/table>\n Ambro\u017e BAJT mag. kineziologije, pripravnik <table> <thead> <tr> <th>PONEDELJEK<\/th><th>TOREK<\/th><th>SREDA<\/th><th>\u010cETRTEK<\/th><th>PETEK<\/th> <\/tr> <\/thead> <tbody> <tr> <td>12:00 - 19:00<\/td> <td>08:00 - 15:00<\/td> <td>08:00 - 15:00<\/td> <td>08:00 - 15:00<\/td> <td>08:00 - 15:00<\/td> <\/tr> <\/tbody> <\/table>\n <h2>ZDRAVSTVENA VZGOJA ZA OTROKE IN MALDOSTNIKE<\/h2> \n Sindi LISJAK dipl. medicinska sestra v zdravstveni vzgoji otrok in mladostnikov <table> <thead> <tr> <th>PONEDELJEK<\/th> <th>TOREK<\/th> <th>SREDA<\/th> <th>\u010cETRTEK<\/th> <th>PETEK<\/th> <\/tr> <\/thead> <tbody> <tr> <td data-label=\"PONEDELJEK\">08:00 - 15:00<\/td> <td data-label=\"TOREK\">08:00 - 15:00<\/td> <td data-label=\"SREDA\">08:00 - 15:00<\/td> <td data-label=\"\u010cETRTEK\">08:00 - 15:00<\/td> <td data-label=\"PETEK\">08:00 - 15:00<\/td> <\/tr> <\/tbody> <\/table>\n Ana TR\u010cEK dipl. medicinska sestra s spec. znanji v vzgoji za ustno zdravje <table> <thead> <tr> <th>PONEDELJEK<\/th> <th>TOREK<\/th> <th>SREDA<\/th> <th>\u010cETRTEK<\/th> <th>PETEK<\/th> <\/tr> <\/thead> <tbody> <tr> <td data-label=\"PONEDELJEK\">08:00 - 15:00<\/td> <td data-label=\"TOREK\">08:00 - 15:00<\/td> <td data-label=\"SREDA\">08:00 - 15:00<\/td> <td data-label=\"\u010cETRTEK\">08:00 - 15:00<\/td> <td data-label=\"PETEK\">08:00 - 15:00<\/td> <\/tr> <\/tbody> <\/table>","_links":{"self":[{"href":"https:\/\/www.zd-po.si\/ckz\/wp-json\/wp\/v2\/pages\/3459","targetHints":{"allow":["GET"]}}],"collection":[{"href":"https:\/\/www.zd-po.si\/ckz\/wp-json\/wp\/v2\/pages"}],"about":[{"href":"https:\/\/www.zd-po.si\/ckz\/wp-json\/wp\/v2\/types\/page"}],"author":[{"embeddable":true,"href":"https:\/\/www.zd-po.si\/ckz\/wp-json\/wp\/v2\/users\/1"}],"replies":[{"embeddable":true,"href":"https:\/\/www.zd-po.si\/ckz\/wp-json\/wp\/v2\/comments?post=3459"}],"version-history":[{"count":19,"href":"https:\/\/www.zd-po.si\/ckz\/wp-json\/wp\/v2\/pages\/3459\/revisions"}],"predecessor-version":[{"id":3466,"href":"https:\/\/www.zd-po.si\/ckz\/wp-json\/wp\/v2\/pages\/3459\/revisions\/3466"}],"wp:attachment":[{"href":"https:\/\/www.zd-po.si\/ckz\/wp-json\/wp\/v2\/media?parent=3459"}],"curies":[{"name":"wp","href":"https:\/\/api.w.org\/{rel}","templated":true}]}}