
{"id":3605,"date":"2026-01-29T11:11:22","date_gmt":"2026-01-29T10:11:22","guid":{"rendered":"https:\/\/www.zd-po.si\/ckz\/?page_id=3605"},"modified":"2026-01-29T11:18:31","modified_gmt":"2026-01-29T10:18:31","slug":"barbara-orazem-grm","status":"publish","type":"page","link":"https:\/\/www.zd-po.si\/ckz\/barbara-orazem-grm\/","title":{"rendered":"Barbara Ora\u017eem Grm"},"content":{"rendered":"<\/p>\n<!--themify_builder_content-->\n<div id=\"themify_builder_content-3605\" data-postid=\"3605\" class=\"themify_builder_content themify_builder_content-3605 themify_builder tf_clear\">\n                    <div  data-css_id=\"9a2343b\" data-lazy=\"1\" class=\"module_row themify_builder_row fullwidth tb_9a2343b tb_first tf_w\">\n            <span  class=\"builder_row_cover tf_abs\" data-lazy=\"1\"><\/span><span class=\"tb_row_frame_wrap tf_overflow tf_abs\" data-lazy=\"1\"><span class=\"tb_row_frame tb_row_frame_top  tf_abs tf_hide tf_overflow tf_w\"><\/span><\/span>            <div class=\"row_inner col_align_top tb_col_count_1 tf_box tf_rel\">\n                        <div  data-lazy=\"1\" class=\"module_column tb-column col-full tb_6f092a5 first\">\n                    <!-- module image -->\n<div  class=\"module module-image tb_26bc9df image-center drop-shadow bordered circle  tf_mw wow\" data-tf-animation=\"bounceIn\" data-lazy=\"1\">\n        <div class=\"image-wrap tf_rel tf_mw\">\n            <img loading=\"lazy\" decoding=\"async\" src=\"https:\/\/www.zd-po.si\/ckz\/wp-content\/uploads\/2019\/05\/Logo-Ckz-front-300x369.png\" width=\"300\" height=\"369\" class=\"wp-post-image wp-image-1236\" title=\"Logo-Ckz-front\" alt=\"Logo-Ckz-front\" srcset=\"https:\/\/www.zd-po.si\/ckz\/wp-content\/uploads\/2019\/05\/Logo-Ckz-front.png 300w, https:\/\/www.zd-po.si\/ckz\/wp-content\/uploads\/2019\/05\/Logo-Ckz-front-244x300.png 244w\" sizes=\"auto, (max-width: 300px) 100vw, 300px\" \/>    \n        <\/div>\n    <!-- \/image-wrap -->\n    \n        <\/div>\n<!-- \/module image --><!-- module text -->\n<div  class=\"module module-text tb_0d9f55b    wow\" data-tf-animation=\"bounceInDown\" data-lazy=\"1\">\n        <div  class=\"tb_text_wrap\">\n        <h2>Barbara Ora\u017eem Grm, univ. dipl. psih.<\/h2>\n<h3>PSIHOLOGINJA v Centru za krepitev zdravja Postojna<\/h3>    <\/div>\n<\/div>\n<!-- \/module text -->        <\/div>\n                        <\/div>\n        <\/div>\n                        <div  data-css_id=\"ed681d7\" data-lazy=\"1\" class=\"module_row themify_builder_row fullheight fullwidth tb_ed681d7 tf_w\">\n                        <div class=\"row_inner col_align_middle gutter-none tb_col_count_2 tf_box tf_rel\">\n                        <div  data-lazy=\"1\" class=\"module_column tb-column col4-2 tb_85f3081 first\">\n        <span  class=\"builder_row_cover tf_abs\" data-lazy=\"1\"><\/span>            <!-- module text -->\n<div  class=\"module module-text tb_af8e9ed   \" data-lazy=\"1\">\n        <div  class=\"tb_text_wrap\">\n        <h2>Podro\u010dje dela:<\/h2><p>V Centru za krepitev zdravja ZD Postojna je v interdisciplinarnem timu zaposlena tudi psihologinja POLONA \u010cERNIGOJ, ki izvaja individualne in skupinske programe za krepitev zdravja. Sodeluje pri izvajanju aktivnostih krepitve zdravja za otroke in mladostnike, njihove star\u0161e ter za mlade v lokalnih skupnostih, pri aktivnostih krepitve zdravja in zmanj\u0161evanja neenakosti v zdravju v lokalni skupnosti ter pri izvajanju obravnav v Programu za krepitev zdravja.<\/p>    <\/div>\n<\/div>\n<!-- \/module text --><!-- module text -->\n<div  class=\"module module-text tb_fecd570   \" data-lazy=\"1\">\n        <div  class=\"tb_text_wrap\">\n        <ul><li>pri izvajanju psiholo\u0161kih vsebin programa <strong>Priprava na porod in star\u0161evstvo<\/strong>,<\/li><li>pri izvajanju psiholo\u0161kih vsebin in individualnega svetovanja v programu za zdrav \u017eivljenjski slog \u2013 <strong>Zdravo huj\u0161anje odraslih<\/strong>,<\/li><li>izvaja poglobljene delavnice za du\u0161evno zdravje: <strong>Podpora pri spoprijemanju z depresijo, Podpora pri spoprijemanju s tesnobo, Spoprijemanje s stresom<\/strong><\/li><li>izvaja temeljne delavnice <strong>Tehnike spro\u0161\u010danja<\/strong><\/li><li>sodeluje v programu <strong>Dru\u017einska obravnava debelosti otrok in mladostnikov<\/strong>.<\/li><\/ul>    <\/div>\n<\/div>\n<!-- \/module text -->        <\/div>\n                    <div  data-lazy=\"1\" class=\"module_column tb-column col4-2 tb_c3bc421 last\">\n        <span  class=\"builder_row_cover tf_abs\" data-lazy=\"1\"><\/span>            <!-- module text -->\n<div  class=\"module module-text tb_e5d8dd5   \" data-lazy=\"1\">\n        <div  class=\"tb_text_wrap\">\n        <p>K psihologinji se lahko naro\u010dite na individualne BREZPLA\u010cNE pogovorne ure preko spodnjega e-obrazca ali pokli\u010dete na telefonsko \u0161tevilko <strong>031 363 448<\/strong>.<\/p>\n<h2>Po\u0161ljite sporo\u010dilo<\/h2>\n<p><div class=\"wpforms-container wpforms-container-full\" id=\"wpforms-3615\"><form id=\"wpforms-form-3615\" class=\"wpforms-validate wpforms-form\" data-formid=\"3615\" method=\"post\" enctype=\"multipart\/form-data\" action=\"\/ckz\/wp-json\/wp\/v2\/pages\/3605\" data-token=\"5f1b7584fbf346239cca3950e25c1451\" data-token-time=\"1777541406\"><noscript class=\"wpforms-error-noscript\">Please enable JavaScript in your browser to complete this form.<\/noscript><div class=\"wpforms-field-container\"><div id=\"wpforms-3615-field_0-container\" class=\"wpforms-field wpforms-field-name\" data-field-id=\"0\"><label class=\"wpforms-field-label\" for=\"wpforms-3615-field_0\">Ime <span class=\"wpforms-required-label\">*<\/span><\/label><input type=\"text\" id=\"wpforms-3615-field_0\" class=\"wpforms-field-medium wpforms-field-required\" name=\"wpforms[fields][0]\" required><\/div><div id=\"wpforms-3615-field_1-container\" class=\"wpforms-field wpforms-field-email\" data-field-id=\"1\"><label class=\"wpforms-field-label\" for=\"wpforms-3615-field_1\">Email <span class=\"wpforms-required-label\">*<\/span><\/label><input type=\"email\" id=\"wpforms-3615-field_1\" class=\"wpforms-field-medium wpforms-field-required\" name=\"wpforms[fields][1]\" spellcheck=\"false\" required><\/div><div id=\"wpforms-3615-field_5-container\" class=\"wpforms-field wpforms-field-text\" data-field-id=\"5\"><label class=\"wpforms-field-label\" for=\"wpforms-3615-field_5\">Telefonska \u0161tevilka <span class=\"wpforms-required-label\">*<\/span><\/label><input type=\"text\" id=\"wpforms-3615-field_5\" class=\"wpforms-field-medium wpforms-field-required\" name=\"wpforms[fields][5]\" required><\/div><div id=\"wpforms-3615-field_2-container\" class=\"wpforms-field wpforms-field-textarea\" data-field-id=\"2\"><label class=\"wpforms-field-label\" for=\"wpforms-3615-field_2\">Sporo\u010dilo <span class=\"wpforms-required-label\">*<\/span><\/label><textarea id=\"wpforms-3615-field_2\" class=\"wpforms-field-medium wpforms-field-required\" name=\"wpforms[fields][2]\" required><\/textarea><\/div><div id=\"wpforms-3615-field_4-container\" class=\"wpforms-field wpforms-field-checkbox\" data-field-id=\"4\"><label class=\"wpforms-field-label\">Varovanje osebnih podatkov <span class=\"wpforms-required-label\">*<\/span><\/label><ul id=\"wpforms-3615-field_4\" class=\"wpforms-field-required\"><li class=\"choice-1 depth-1\"><input type=\"checkbox\" id=\"wpforms-3615-field_4_1\" name=\"wpforms[fields][4][]\" value=\"S klikom na gumb &quot;Po\u0161lji&quot; dajem izrecno privolitev, da lahko ustanova ZD Postojna zgoraj vpisane osebne podatke obdeluje z namenom izvedbe delavnice ter me kontaktira v zvezi z delavnico preko telefona ali e-po\u0161te. Potrjujem tudi, da se strinjam s &lt;a target=&quot;_blank&quot; rel=&quot;noopener noreferrer&quot; href=&quot; https:\/\/www.zd-po.si\/politika-varovanja-osebnih-podatkov\/&quot; &gt;politiko varovanja osebnih podatkov. &lt;\/a&gt;\" required ><label class=\"wpforms-field-label-inline\" for=\"wpforms-3615-field_4_1\">S klikom na gumb \"Po\u0161lji\" dajem izrecno privolitev, da lahko ustanova ZD Postojna zgoraj vpisane osebne podatke obdeluje z namenom izvedbe delavnice ter me kontaktira v zvezi z delavnico preko telefona ali e-po\u0161te. Potrjujem tudi, da se strinjam s <a target=\"_blank\" rel=\"noopener noreferrer\" href=\"https:\/\/www.zd-po.si\/politika-varovanja-osebnih-podatkov\/\">politiko varovanja osebnih podatkov. <\/a><\/label><\/li><\/ul><\/div><\/div><!-- .wpforms-field-container --><div class=\"wpforms-field wpforms-field-hp\"><label for=\"wpforms-3615-field-hp\" class=\"wpforms-field-label\">Email<\/label><input type=\"text\" name=\"wpforms[hp]\" id=\"wpforms-3615-field-hp\" class=\"wpforms-field-medium\"><\/div><div class=\"wpforms-submit-container\" ><input type=\"hidden\" name=\"wpforms[id]\" value=\"3615\"><input type=\"hidden\" name=\"page_title\" value=\"\"><input type=\"hidden\" name=\"page_url\" value=\"https:\/\/www.zd-po.si\/ckz\/wp-json\/wp\/v2\/pages\/3605\"><input type=\"hidden\" name=\"url_referer\" value=\"\"><button type=\"submit\" name=\"wpforms[submit]\" id=\"wpforms-submit-3615\" class=\"wpforms-submit\" data-alt-text=\"Po\u0161iljam...\" data-submit-text=\"Po\u0161lji\" aria-live=\"assertive\" value=\"wpforms-submit\">Po\u0161lji<\/button><\/div><\/form><\/div>  <!-- .wpforms-container --> title=&#8221;false&#8221; description=&#8221;false&#8221;]<\/p>    <\/div>\n<\/div>\n<!-- \/module text -->        <\/div>\n                        <\/div>\n        <\/div>\n                        <div  data-lazy=\"1\" class=\"module_row themify_builder_row tb_2e1de60 tf_w\">\n                        <div class=\"row_inner col_align_top tb_col_count_1 tf_box tf_rel\">\n                        <div  data-lazy=\"1\" class=\"module_column tb-column col-full tb_b1ad96a first\">\n                    <!-- module fancy heading -->\n<div  class=\"module module-fancy-heading tb_68058a9 \" data-lazy=\"1\">\n        <h3 class=\"fancy-heading tf_textc\">\n    <span class=\"main-head tf_block\">\n                                <\/span>\n\n    \n    <span class=\"sub-head tf_block tf_rel\">\n                    Delavnice v katerih sodeluje            <\/span>\n    <\/h3>\n<\/div>\n<!-- \/module fancy heading -->\n<!-- module post -->\n<div  class=\"module module-portfolio tb_6dc9ed4 \">\n    <div  class=\"builder-posts-wrap loops-wrapper portfolio grid3 masonry classic tf_rel tf_clear tf_clearfix\" data-lazy=\"1\">\n    <article id=\"portfolio-266\" class=\"post tf_clearfix portfolio-post cat-7 post-266 portfolio type-portfolio status-publish has-post-thumbnail hentry portfolio-category-dusevno-zdravje has-post-title no-post-date has-post-category has-post-tag has-post-comment has-post-author \">\n\t\n\t\n\t                <figure class=\"post-image tf_clearfix\">\n                                                            <a href=\"https:\/\/www.zd-po.si\/ckz\/dejavnost\/spoprijemenje-s-stresom\/\">\n                                        <img loading=\"lazy\" decoding=\"async\" width=\"800\" height=\"521\" src=\"https:\/\/www.zd-po.si\/ckz\/wp-content\/uploads\/2018\/10\/stres-cover.jpg\" class=\"wp-post-image wp-image-531\" title=\"stres cover\" alt=\"stres cover\" srcset=\"https:\/\/www.zd-po.si\/ckz\/wp-content\/uploads\/2018\/10\/stres-cover.jpg 800w, https:\/\/www.zd-po.si\/ckz\/wp-content\/uploads\/2018\/10\/stres-cover-300x195.jpg 300w, https:\/\/www.zd-po.si\/ckz\/wp-content\/uploads\/2018\/10\/stres-cover-768x500.jpg 768w\" sizes=\"auto, (max-width: 800px) 100vw, 800px\" \/>                                                                    <\/a>\n                                                                <\/figure>\n                    \n\t<div class=\"post-content\">\n\n\t\t\n\t\t\t<div class=\"post-content-inner\">\n\n\t\t\t\t\t\t\n\t\t\t\t\t\t\n\t\t\t\t\t\t<h2 class=\"post-title entry-title\"><a href=\"https:\/\/www.zd-po.si\/ckz\/dejavnost\/spoprijemenje-s-stresom\/\">Spoprijemenje s stresom<\/a><\/h2>\n\t\t\n\t\t        <div class=\"entry-content\">\n\n        \n        <\/div><!-- \/.entry-content -->\n        \n\t\t\n\t\t\t<\/div>\n\t\t\t<!-- \/.post-content-inner -->\n\t\t\n\t<\/div>\n\t<!-- \/.post-content -->\n\t<\/article>\n<!-- \/.post -->\n<article id=\"portfolio-265\" class=\"post tf_clearfix portfolio-post cat-7 post-265 portfolio type-portfolio status-publish has-post-thumbnail hentry portfolio-category-dusevno-zdravje has-post-title no-post-date has-post-category has-post-tag has-post-comment has-post-author \">\n\t\n\t\n\t                <figure class=\"post-image tf_clearfix\">\n                                                            <a href=\"https:\/\/www.zd-po.si\/ckz\/dejavnost\/podpora-pri-spoprijemenju-s-tesnobo\/\">\n                                        <img loading=\"lazy\" decoding=\"async\" width=\"800\" height=\"533\" src=\"https:\/\/www.zd-po.si\/ckz\/wp-content\/uploads\/2018\/10\/anksioznost-cover.jpg\" class=\"wp-post-image wp-image-530\" title=\"anksioznost-cover\" alt=\"anksioznost-cover\" srcset=\"https:\/\/www.zd-po.si\/ckz\/wp-content\/uploads\/2018\/10\/anksioznost-cover.jpg 800w, https:\/\/www.zd-po.si\/ckz\/wp-content\/uploads\/2018\/10\/anksioznost-cover-300x200.jpg 300w, https:\/\/www.zd-po.si\/ckz\/wp-content\/uploads\/2018\/10\/anksioznost-cover-768x512.jpg 768w, https:\/\/www.zd-po.si\/ckz\/wp-content\/uploads\/2018\/10\/anksioznost-cover-450x300.jpg 450w, https:\/\/www.zd-po.si\/ckz\/wp-content\/uploads\/2018\/10\/anksioznost-cover-1x1.jpg 1w, https:\/\/www.zd-po.si\/ckz\/wp-content\/uploads\/2018\/10\/anksioznost-cover-3x2.jpg 3w\" sizes=\"auto, (max-width: 800px) 100vw, 800px\" \/>                                                                    <\/a>\n                                                                <\/figure>\n                    \n\t<div class=\"post-content\">\n\n\t\t\n\t\t\t<div class=\"post-content-inner\">\n\n\t\t\t\t\t\t\n\t\t\t\t\t\t\n\t\t\t\t\t\t<h2 class=\"post-title entry-title\"><a href=\"https:\/\/www.zd-po.si\/ckz\/dejavnost\/podpora-pri-spoprijemenju-s-tesnobo\/\">Podpora pri spoprijemenju s tesnobo<\/a><\/h2>\n\t\t\n\t\t        <div class=\"entry-content\">\n\n        \n        <\/div><!-- \/.entry-content -->\n        \n\t\t\n\t\t\t<\/div>\n\t\t\t<!-- \/.post-content-inner -->\n\t\t\n\t<\/div>\n\t<!-- \/.post-content -->\n\t<\/article>\n<!-- \/.post -->\n<article id=\"portfolio-264\" class=\"post tf_clearfix portfolio-post cat-7 post-264 portfolio type-portfolio status-publish has-post-thumbnail hentry portfolio-category-dusevno-zdravje has-post-title no-post-date has-post-category has-post-tag has-post-comment has-post-author \">\n\t\n\t\n\t                <figure class=\"post-image tf_clearfix\">\n                                                            <a href=\"https:\/\/www.zd-po.si\/ckz\/dejavnost\/podpora-pri-spoprijemanju-z-depresijo\/\">\n                                        <img loading=\"lazy\" decoding=\"async\" width=\"800\" height=\"534\" src=\"https:\/\/www.zd-po.si\/ckz\/wp-content\/uploads\/2018\/10\/depresija-cover.jpg\" class=\"wp-post-image wp-image-529\" title=\"depresija-cover\" alt=\"depresija-cover\" srcset=\"https:\/\/www.zd-po.si\/ckz\/wp-content\/uploads\/2018\/10\/depresija-cover.jpg 800w, https:\/\/www.zd-po.si\/ckz\/wp-content\/uploads\/2018\/10\/depresija-cover-300x200.jpg 300w, https:\/\/www.zd-po.si\/ckz\/wp-content\/uploads\/2018\/10\/depresija-cover-768x513.jpg 768w\" sizes=\"auto, (max-width: 800px) 100vw, 800px\" \/>                                                                    <\/a>\n                                                                <\/figure>\n                    \n\t<div class=\"post-content\">\n\n\t\t\n\t\t\t<div class=\"post-content-inner\">\n\n\t\t\t\t\t\t\n\t\t\t\t\t\t\n\t\t\t\t\t\t<h2 class=\"post-title entry-title\"><a href=\"https:\/\/www.zd-po.si\/ckz\/dejavnost\/podpora-pri-spoprijemanju-z-depresijo\/\">Podpora pri spoprijemanju z depresijo<\/a><\/h2>\n\t\t\n\t\t        <div class=\"entry-content\">\n\n        \n        <\/div><!-- \/.entry-content -->\n        \n\t\t\n\t\t\t<\/div>\n\t\t\t<!-- \/.post-content-inner -->\n\t\t\n\t<\/div>\n\t<!-- \/.post-content -->\n\t<\/article>\n<!-- \/.post -->\n    <\/div><!-- .builder-posts-wrap -->\n            <\/div>\n<!-- \/module post -->\n            <\/div>\n                        <\/div>\n        <\/div>\n        <\/div>\n<!--\/themify_builder_content-->\n\n<\/p>","protected":false},"excerpt":{"rendered":"","protected":false},"author":1,"featured_media":0,"parent":0,"menu_order":0,"comment_status":"closed","ping_status":"closed","template":"","meta":{"advgb_blocks_editor_width":"","advgb_blocks_columns_visual_guide":"","footnotes":""},"class_list":["post-3605","page","type-page","status-publish","hentry","has-post-title","has-post-date","has-post-category","has-post-tag","has-post-comment","has-post-author",""],"coauthors":[],"author_meta":{"author_link":"https:\/\/www.zd-po.si\/ckz\/author\/siteadmin\/","display_name":"SiteAdmin"},"relative_dates":{"created":"Posted 3 meseci ago","modified":"Updated 3 meseci ago"},"absolute_dates":{"created":"Posted on 29 januarja, 2026","modified":"Updated on 29 januarja, 2026"},"absolute_dates_time":{"created":"Posted on 29 januarja, 2026 11:11","modified":"Updated on 29 januarja, 2026 11:18"},"featured_img_caption":"","featured_img":false,"series_order":"","publishpress_future_action":{"enabled":false,"date":"2026-05-07 10:30:06","action":"change-status","newStatus":"draft","terms":[],"taxonomy":"","extraData":[]},"publishpress_future_workflow_manual_trigger":{"enabledWorkflows":[]},"builder_content":"<img src=\"https:\/\/www.zd-po.si\/ckz\/wp-content\/uploads\/2019\/05\/Logo-Ckz-front-300x369.png\" width=\"300\" height=\"369\" title=\"Logo-Ckz-front\" alt=\"Logo-Ckz-front\" srcset=\"https:\/\/www.zd-po.si\/ckz\/wp-content\/uploads\/2019\/05\/Logo-Ckz-front.png 300w, https:\/\/www.zd-po.si\/ckz\/wp-content\/uploads\/2019\/05\/Logo-Ckz-front-244x300.png 244w\" sizes=\"(max-width: 300px) 100vw, 300px\" \/>\n<h2>Barbara Ora\u017eem Grm, univ. dipl. psih.<\/h2> <h3>PSIHOLOGINJA v Centru za krepitev zdravja Postojna<\/h3>\n<h2>Podro\u010dje dela:<\/h2><p>V Centru za krepitev zdravja ZD Postojna je v interdisciplinarnem timu zaposlena tudi psihologinja POLONA \u010cERNIGOJ, ki izvaja individualne in skupinske programe za krepitev zdravja. Sodeluje pri izvajanju aktivnostih krepitve zdravja za otroke in mladostnike, njihove star\u0161e ter za mlade v lokalnih skupnostih, pri aktivnostih krepitve zdravja in zmanj\u0161evanja neenakosti v zdravju v lokalni skupnosti ter pri izvajanju obravnav v Programu za krepitev zdravja.<\/p>\n<ul><li>pri izvajanju psiholo\u0161kih vsebin programa <strong>Priprava na porod in star\u0161evstvo<\/strong>,<\/li><li>pri izvajanju psiholo\u0161kih vsebin in individualnega svetovanja v programu za zdrav \u017eivljenjski slog \u2013 <strong>Zdravo huj\u0161anje odraslih<\/strong>,<\/li><li>izvaja poglobljene delavnice za du\u0161evno zdravje: <strong>Podpora pri spoprijemanju z depresijo, Podpora pri spoprijemanju s tesnobo, Spoprijemanje s stresom<\/strong><\/li><li>izvaja temeljne delavnice <strong>Tehnike spro\u0161\u010danja<\/strong><\/li><li>sodeluje v programu <strong>Dru\u017einska obravnava debelosti otrok in mladostnikov<\/strong>.<\/li><\/ul>\n<p>K psihologinji se lahko naro\u010dite na individualne BREZPLA\u010cNE pogovorne ure preko spodnjega e-obrazca ali pokli\u010dete na telefonsko \u0161tevilko <strong>031 363 448<\/strong>.<\/p> <h2>Po\u0161ljite sporo\u010dilo<\/h2> <p>[wpforms id=\"3615\"] title=\"false\" description=\"false\"]<\/p>\n<h3><br\/>Delavnice v katerih sodeluje<\/h3>","_links":{"self":[{"href":"https:\/\/www.zd-po.si\/ckz\/wp-json\/wp\/v2\/pages\/3605","targetHints":{"allow":["GET"]}}],"collection":[{"href":"https:\/\/www.zd-po.si\/ckz\/wp-json\/wp\/v2\/pages"}],"about":[{"href":"https:\/\/www.zd-po.si\/ckz\/wp-json\/wp\/v2\/types\/page"}],"author":[{"embeddable":true,"href":"https:\/\/www.zd-po.si\/ckz\/wp-json\/wp\/v2\/users\/1"}],"replies":[{"embeddable":true,"href":"https:\/\/www.zd-po.si\/ckz\/wp-json\/wp\/v2\/comments?post=3605"}],"version-history":[{"count":9,"href":"https:\/\/www.zd-po.si\/ckz\/wp-json\/wp\/v2\/pages\/3605\/revisions"}],"predecessor-version":[{"id":3621,"href":"https:\/\/www.zd-po.si\/ckz\/wp-json\/wp\/v2\/pages\/3605\/revisions\/3621"}],"wp:attachment":[{"href":"https:\/\/www.zd-po.si\/ckz\/wp-json\/wp\/v2\/media?parent=3605"}],"curies":[{"name":"wp","href":"https:\/\/api.w.org\/{rel}","templated":true}]}}