
{"id":741,"date":"2019-01-11T23:25:35","date_gmt":"2019-01-11T21:25:35","guid":{"rendered":"https:\/\/www.zd-po.si\/ckz\/?page_id=741"},"modified":"2019-01-12T00:16:22","modified_gmt":"2019-01-11T22:16:22","slug":"projekt-center-za-krepitev-zdravja","status":"publish","type":"page","link":"https:\/\/www.zd-po.si\/ckz\/projekt-center-za-krepitev-zdravja\/","title":{"rendered":"Projekt center za krepitev zdravja"},"content":{"rendered":"<!-- wp:themify-builder\/canvas \/-->\n\n<p style=\"text-align: left;\"><img loading=\"lazy\" decoding=\"async\" class=\"size-full wp-image-742 alignright\" src=\"https:\/\/www.zd-po.si\/ckz\/wp-content\/uploads\/2019\/01\/krepitev-zdravja-za-vse.png\" alt=\"\" width=\"301\" height=\"98\" srcset=\"https:\/\/www.zd-po.si\/ckz\/wp-content\/uploads\/2019\/01\/krepitev-zdravja-za-vse.png 301w, https:\/\/www.zd-po.si\/ckz\/wp-content\/uploads\/2019\/01\/krepitev-zdravja-za-vse-300x98.png 300w\" sizes=\"auto, (max-width: 301px) 100vw, 301px\" \/>Zdravstveni dom Postojna je uspe\u0161no pridobil projekt &#8220;Nadgradnje in razvoj preventivnih programov ter njihovo izvajanje v primarnem zdravstvenem varstvu in lokalni skupnosti&#8221;. Slogan projekta je Krepitev zdravja \u2013 za vse.<\/p>\n<p>\u00a0<\/p>\n<p style=\"text-align: left;\">Namen projekta je krepitev javno-zdravstvene vloge zdravstvenih domov, implementacija nadgradenj preventivnih pregledov za otroke in mladostnike, izvajanje preventivnih obravnav za ogro\u017eene otroke in mladostnike ter izvajanje integrirane preventive kroni\u010dnih bolezni na primarni ravni zdravstvenega varstva, vklju\u010devanje ranljivih oseb v preventivno zdravstveno varstvo ter uvajanje modela skupnostnega pristopa za krepitev zdravja in zmanj\u0161evanja neenakosti v zdravju v lokalni skupnosti.<\/p>\n<p style=\"text-align: left;\">V okviru projekta bo izvedeno dodatno strokovno izobra\u017eevanje in usposabljanje s podro\u010dja javnega zdravja, zmanj\u0161evanja neenakosti v zdravju in kulturnih kompetenc. S tem bodo izvajalci preventivnih obravnav dodatno usposobljeno tudi za vklju\u010devanje ranljivih oseb v preventivne programe.<\/p>\n<p style=\"text-align: left;\">Klju\u010dni del projekta predstavlja vzpostavitev celovitega Centra za krepitev zdravja (CKZ) kot samostojne enote v zdravstvenem domu ter vzpostavitvi skupin znotraj ZD, da bo zagotovljeno celovito izvajanje zdravstveno vzgojnih obravnav ter aktivnosti krepitve zdravja in zmanj\u0161evanja neenakosti v zdravju pri prebivalcih vseh populacijskih skupin v lokalnih skupnostih.<\/p>\n<p style=\"text-align: left;\">&#8220;Nalo\u017ebo financirata Republika Slovenija in Evropska unija iz Evropskega socialnega sklada.&#8221;<\/p>\n<p><img loading=\"lazy\" decoding=\"async\" class=\"alignnone size-full wp-image-288\" src=\"https:\/\/www.zd-po.si\/ckz\/wp-content\/uploads\/2018\/10\/Logo_EKP_socialni_sklad_SLO_slogan.png\" alt=\"\" width=\"167\" height=\"60\" \/> <img loading=\"lazy\" decoding=\"async\" class=\"alignnone size-full wp-image-289\" src=\"https:\/\/www.zd-po.si\/ckz\/wp-content\/uploads\/2018\/10\/MZ_logo.png\" alt=\"\" width=\"233\" height=\"60\" \/><\/p>\n<p>Ve\u010d informacij o financiranju projekta najdete na spletni strani: <a href=\"http:\/\/www.eu-skladi.si\/\">http:\/\/www.eu-skladi.si\/<\/a>.<\/p>","protected":false},"excerpt":{"rendered":"<p>Zdravstveni dom Postojna je uspe\u0161no pridobil projekt &#8220;Nadgradnje in razvoj preventivnih programov ter njihovo izvajanje v primarnem zdravstvenem varstvu in lokalni skupnosti&#8221;. Slogan projekta je Krepitev zdravja \u2013 za vse. \u00a0 Namen projekta je krepitev javno-zdravstvene vloge zdravstvenih domov, implementacija nadgradenj preventivnih pregledov za otroke in mladostnike, izvajanje preventivnih obravnav za ogro\u017eene otroke in mladostnike [&hellip;]<\/p>\n","protected":false},"author":1,"featured_media":0,"parent":0,"menu_order":0,"comment_status":"closed","ping_status":"closed","template":"","meta":{"advgb_blocks_editor_width":"","advgb_blocks_columns_visual_guide":"","footnotes":""},"class_list":["post-741","page","type-page","status-publish","hentry","has-post-title","has-post-date","has-post-category","has-post-tag","has-post-comment","has-post-author",""],"coauthors":[],"author_meta":{"author_link":"https:\/\/www.zd-po.si\/ckz\/author\/siteadmin\/","display_name":"SiteAdmin"},"relative_dates":{"created":"Posted 7 let ago","modified":"Updated 7 let ago"},"absolute_dates":{"created":"Posted on 11 januarja, 2019","modified":"Updated on 12 januarja, 2019"},"absolute_dates_time":{"created":"Posted on 11 januarja, 2019 23:25","modified":"Updated on 12 januarja, 2019 0:16"},"featured_img_caption":"","featured_img":false,"series_order":"","publishpress_future_action":{"enabled":false,"date":"2026-05-21 14:07:18","action":"change-status","newStatus":"draft","terms":[],"taxonomy":"","extraData":[]},"publishpress_future_workflow_manual_trigger":{"enabledWorkflows":[]},"builder_content":"","_links":{"self":[{"href":"https:\/\/www.zd-po.si\/ckz\/wp-json\/wp\/v2\/pages\/741","targetHints":{"allow":["GET"]}}],"collection":[{"href":"https:\/\/www.zd-po.si\/ckz\/wp-json\/wp\/v2\/pages"}],"about":[{"href":"https:\/\/www.zd-po.si\/ckz\/wp-json\/wp\/v2\/types\/page"}],"author":[{"embeddable":true,"href":"https:\/\/www.zd-po.si\/ckz\/wp-json\/wp\/v2\/users\/1"}],"replies":[{"embeddable":true,"href":"https:\/\/www.zd-po.si\/ckz\/wp-json\/wp\/v2\/comments?post=741"}],"version-history":[{"count":8,"href":"https:\/\/www.zd-po.si\/ckz\/wp-json\/wp\/v2\/pages\/741\/revisions"}],"predecessor-version":[{"id":761,"href":"https:\/\/www.zd-po.si\/ckz\/wp-json\/wp\/v2\/pages\/741\/revisions\/761"}],"wp:attachment":[{"href":"https:\/\/www.zd-po.si\/ckz\/wp-json\/wp\/v2\/media?parent=741"}],"curies":[{"name":"wp","href":"https:\/\/api.w.org\/{rel}","templated":true}]}}